{"id":782,"date":"2025-08-22T09:21:18","date_gmt":"2025-08-22T09:21:18","guid":{"rendered":"https:\/\/ap-doctorsupport.com\/article\/?page_id=782"},"modified":"2025-08-22T09:29:04","modified_gmt":"2025-08-22T09:29:04","slug":"global-procurement-support-for-attracting-medical-institutions-overseas-fr","status":"publish","type":"page","link":"https:\/\/ap-doctorsupport.com\/article\/global-procurement-support-for-attracting-medical-institutions-overseas-fr\/","title":{"rendered":"Soutien aux \u00e9tablissements m\u00e9dicaux japonais \u00e0 l'\u00e9trangeret recherche active de propri\u00e9t\u00e9s pour ces \u00e9tablissements"},"content":{"rendered":"<div class=\"wp-block-image\">\n<figure class=\"aligncenter size-full\"><img loading=\"lazy\" decoding=\"async\" width=\"640\" height=\"427\" src=\"https:\/\/ap-doctorsupport.com\/article\/wp-content\/uploads\/2025\/08\/\u6d77\u5916\u8a98\u81f4.jpg\" alt=\"\" class=\"wp-image-770\" srcset=\"https:\/\/ap-doctorsupport.com\/article\/wp-content\/uploads\/2025\/08\/\u6d77\u5916\u8a98\u81f4.jpg 640w, https:\/\/ap-doctorsupport.com\/article\/wp-content\/uploads\/2025\/08\/\u6d77\u5916\u8a98\u81f4-300x200.jpg 300w\" sizes=\"auto, (max-width: 640px) 100vw, 640px\" \/><\/figure>\n<\/div>\n\n\n<div style=\"height:20px\" aria-hidden=\"true\" class=\"wp-block-spacer\"><\/div>\n\n\n\n<p>Notre entreprise soutient l'implantation et le fonctionnement d'\u00e9tablissements m\u00e9dicaux (h\u00f4pitaux et cliniques) et d'\u00e9tablissements de soins infirmiers au Japon. Nous accompagnons \u00e9galement les h\u00f4pitaux et cliniques japonais dans leur d\u00e9veloppement \u00e0 l'\u00e9tranger.<\/p>\n\n\n\n<p>Nous avons d\u00e9j\u00e0 re\u00e7u des demandes d'implantation de l'\u00e9tranger pour un large \u00e9ventail de sp\u00e9cialit\u00e9s m\u00e9dicales, notamment la m\u00e9decine interne (notamment la cardiologie, la gastro-ent\u00e9rologie, la m\u00e9decine du diab\u00e8te, la pneumologie et la n\u00e9phrologie), la chirurgie (chirurgie g\u00e9n\u00e9rale, gastro-ent\u00e9rologie, orthop\u00e9die, chirurgie thoracique, neurochirurgie, chirurgie plastique, chirurgie cardiovasculaire et chirurgie mammaire), l'obst\u00e9trique, la gyn\u00e9cologie, la dialyse, la m\u00e9decine d'urgence et la p\u00e9diatrie. Nous continuerons \u00e0 promouvoir activement l'implantation d'\u00e9tablissements m\u00e9dicaux japonais \u00e0 l'\u00e9tranger.<\/p>\n\n\n\n<p>Nous recherchons \u00e9galement activement des informations sur les terrains et les b\u00e2timents destin\u00e9s \u00e0 la construction d'\u00e9tablissements m\u00e9dicaux aupr\u00e8s de clients \u00e9trangers souhaitant implanter des \u00e9tablissements m\u00e9dicaux japonais. Nous sommes \u00e0 votre disposition.<\/p>\n\n\n\n<p>N'h\u00e9sitez pas \u00e0 nous contacter \u00e0 l'adresse ci-dessous.<\/p>\n\n\n\n<h3 class=\"wp-block-heading\">Cliquez ici pour plus de d\u00e9tails dans chaque langue<\/h3>\n\n\n\n<div class=\"wp-block-columns is-layout-flex wp-container-core-columns-is-layout-9d6595d7 wp-block-columns-is-layout-flex\">\n<div class=\"wp-block-column is-layout-flow wp-block-column-is-layout-flow\">\n<div class=\"wp-block-columns is-not-stacked-on-mobile is-layout-flex wp-container-core-columns-is-layout-9d6595d7 wp-block-columns-is-layout-flex\">\n<div class=\"wp-block-column is-layout-flow wp-block-column-is-layout-flow\">\n<figure class=\"wp-block-image size-full\"><a href=\"https:\/\/ap-doctorsupport.com\/article\/global-procurement-support-for-attracting-medical-institutions-overseas-th\/\"><img loading=\"lazy\" decoding=\"async\" width=\"802\" height=\"627\" src=\"https:\/\/ap-doctorsupport.com\/article\/wp-content\/uploads\/2025\/08\/\u30bf\u30a4\u8a9e.png\" alt=\"\" class=\"wp-image-638\" srcset=\"https:\/\/ap-doctorsupport.com\/article\/wp-content\/uploads\/2025\/08\/\u30bf\u30a4\u8a9e.png 802w, https:\/\/ap-doctorsupport.com\/article\/wp-content\/uploads\/2025\/08\/\u30bf\u30a4\u8a9e-300x235.png 300w, https:\/\/ap-doctorsupport.com\/article\/wp-content\/uploads\/2025\/08\/\u30bf\u30a4\u8a9e-768x600.png 768w\" sizes=\"auto, (max-width: 802px) 100vw, 802px\" \/><\/a><\/figure>\n<\/div>\n\n\n\n<div class=\"wp-block-column is-layout-flow wp-block-column-is-layout-flow\">\n<figure class=\"wp-block-image size-full\"><a href=\"https:\/\/ap-doctorsupport.com\/article\/global-procurement-support-for-attracting-medical-institutions-overseas-ms\"><img loading=\"lazy\" decoding=\"async\" width=\"802\" height=\"627\" src=\"https:\/\/ap-doctorsupport.com\/article\/wp-content\/uploads\/2025\/08\/\u30de\u30ec\u30fc\u8a9e.png\" alt=\"\" class=\"wp-image-639\" srcset=\"https:\/\/ap-doctorsupport.com\/article\/wp-content\/uploads\/2025\/08\/\u30de\u30ec\u30fc\u8a9e.png 802w, https:\/\/ap-doctorsupport.com\/article\/wp-content\/uploads\/2025\/08\/\u30de\u30ec\u30fc\u8a9e-300x235.png 300w, https:\/\/ap-doctorsupport.com\/article\/wp-content\/uploads\/2025\/08\/\u30de\u30ec\u30fc\u8a9e-768x600.png 768w\" sizes=\"auto, (max-width: 802px) 100vw, 802px\" \/><\/a><\/figure>\n<\/div>\n<\/div>\n<\/div>\n\n\n\n<div class=\"wp-block-column is-layout-flow wp-block-column-is-layout-flow\">\n<div class=\"wp-block-columns is-not-stacked-on-mobile is-layout-flex wp-container-core-columns-is-layout-9d6595d7 wp-block-columns-is-layout-flex\">\n<div class=\"wp-block-column is-layout-flow wp-block-column-is-layout-flow\">\n<figure class=\"wp-block-image size-full\"><a href=\"https:\/\/ap-doctorsupport.com\/article\/global-procurement-support-for-attracting-medical-institutions-overseas-km\"><img loading=\"lazy\" decoding=\"async\" width=\"802\" height=\"625\" src=\"https:\/\/ap-doctorsupport.com\/article\/wp-content\/uploads\/2025\/08\/\u30af\u30e1\u30fc\u30eb\u8a9e.png\" alt=\"\" class=\"wp-image-640\" srcset=\"https:\/\/ap-doctorsupport.com\/article\/wp-content\/uploads\/2025\/08\/\u30af\u30e1\u30fc\u30eb\u8a9e.png 802w, https:\/\/ap-doctorsupport.com\/article\/wp-content\/uploads\/2025\/08\/\u30af\u30e1\u30fc\u30eb\u8a9e-300x234.png 300w, https:\/\/ap-doctorsupport.com\/article\/wp-content\/uploads\/2025\/08\/\u30af\u30e1\u30fc\u30eb\u8a9e-768x599.png 768w\" sizes=\"auto, (max-width: 802px) 100vw, 802px\" \/><\/a><\/figure>\n<\/div>\n\n\n\n<div class=\"wp-block-column is-layout-flow wp-block-column-is-layout-flow\">\n<figure class=\"wp-block-image size-full\"><a href=\"https:\/\/ap-doctorsupport.com\/article\/global-procurement-support-for-attracting-medical-institutions-overseas-id\"><img loading=\"lazy\" decoding=\"async\" width=\"802\" height=\"631\" src=\"https:\/\/ap-doctorsupport.com\/article\/wp-content\/uploads\/2025\/08\/\u30a4\u30f3\u30c9\u30cd\u30b7\u30a2\u8a9e.png\" alt=\"\" class=\"wp-image-641\" srcset=\"https:\/\/ap-doctorsupport.com\/article\/wp-content\/uploads\/2025\/08\/\u30a4\u30f3\u30c9\u30cd\u30b7\u30a2\u8a9e.png 802w, https:\/\/ap-doctorsupport.com\/article\/wp-content\/uploads\/2025\/08\/\u30a4\u30f3\u30c9\u30cd\u30b7\u30a2\u8a9e-300x236.png 300w, https:\/\/ap-doctorsupport.com\/article\/wp-content\/uploads\/2025\/08\/\u30a4\u30f3\u30c9\u30cd\u30b7\u30a2\u8a9e-768x604.png 768w\" sizes=\"auto, (max-width: 802px) 100vw, 802px\" \/><\/a><\/figure>\n<\/div>\n<\/div>\n<\/div>\n<\/div>\n\n\n\n<div class=\"wp-block-columns is-layout-flex wp-container-core-columns-is-layout-9d6595d7 wp-block-columns-is-layout-flex\">\n<div class=\"wp-block-column is-layout-flow wp-block-column-is-layout-flow\">\n<div class=\"wp-block-columns is-not-stacked-on-mobile is-layout-flex wp-container-core-columns-is-layout-9d6595d7 wp-block-columns-is-layout-flex\">\n<div class=\"wp-block-column is-layout-flow wp-block-column-is-layout-flow\">\n<figure class=\"wp-block-image size-full\"><a href=\"https:\/\/ap-doctorsupport.com\/article\/global-procurement-support-for-attracting-medical-institutions-overseas-vi\"><img loading=\"lazy\" decoding=\"async\" width=\"802\" height=\"625\" src=\"https:\/\/ap-doctorsupport.com\/article\/wp-content\/uploads\/2025\/08\/\u30d9\u30c8\u30ca\u30e0\u8a9e.png\" alt=\"\" class=\"wp-image-642\" srcset=\"https:\/\/ap-doctorsupport.com\/article\/wp-content\/uploads\/2025\/08\/\u30d9\u30c8\u30ca\u30e0\u8a9e.png 802w, https:\/\/ap-doctorsupport.com\/article\/wp-content\/uploads\/2025\/08\/\u30d9\u30c8\u30ca\u30e0\u8a9e-300x234.png 300w, https:\/\/ap-doctorsupport.com\/article\/wp-content\/uploads\/2025\/08\/\u30d9\u30c8\u30ca\u30e0\u8a9e-768x599.png 768w\" sizes=\"auto, (max-width: 802px) 100vw, 802px\" \/><\/a><\/figure>\n<\/div>\n\n\n\n<div class=\"wp-block-column is-layout-flow wp-block-column-is-layout-flow\">\n<figure class=\"wp-block-image size-full\"><a href=\"https:\/\/ap-doctorsupport.com\/article\/global-procurement-support-for-attracting-medical-institutions-overseas-hi\"><img loading=\"lazy\" decoding=\"async\" width=\"802\" height=\"627\" src=\"https:\/\/ap-doctorsupport.com\/article\/wp-content\/uploads\/2025\/08\/\u30d2\u30f3\u30c7\u30a3\u30fc\u8a9e.png\" alt=\"\" class=\"wp-image-643\" srcset=\"https:\/\/ap-doctorsupport.com\/article\/wp-content\/uploads\/2025\/08\/\u30d2\u30f3\u30c7\u30a3\u30fc\u8a9e.png 802w, https:\/\/ap-doctorsupport.com\/article\/wp-content\/uploads\/2025\/08\/\u30d2\u30f3\u30c7\u30a3\u30fc\u8a9e-300x235.png 300w, https:\/\/ap-doctorsupport.com\/article\/wp-content\/uploads\/2025\/08\/\u30d2\u30f3\u30c7\u30a3\u30fc\u8a9e-768x600.png 768w\" sizes=\"auto, (max-width: 802px) 100vw, 802px\" \/><\/a><\/figure>\n<\/div>\n<\/div>\n<\/div>\n\n\n\n<div class=\"wp-block-column is-layout-flow wp-block-column-is-layout-flow\">\n<div class=\"wp-block-columns is-not-stacked-on-mobile is-layout-flex wp-container-core-columns-is-layout-9d6595d7 wp-block-columns-is-layout-flex\">\n<div class=\"wp-block-column is-layout-flow wp-block-column-is-layout-flow\">\n<figure class=\"wp-block-image size-full\"><a href=\"https:\/\/ap-doctorsupport.com\/article\/global-procurement-support-for-attracting-medical-institutions-overseas-ar\"><img loading=\"lazy\" decoding=\"async\" width=\"802\" height=\"633\" src=\"https:\/\/ap-doctorsupport.com\/article\/wp-content\/uploads\/2025\/08\/\u30a2\u30e9\u30d3\u30a2\u8a9e.png\" alt=\"\" class=\"wp-image-644\" srcset=\"https:\/\/ap-doctorsupport.com\/article\/wp-content\/uploads\/2025\/08\/\u30a2\u30e9\u30d3\u30a2\u8a9e.png 802w, https:\/\/ap-doctorsupport.com\/article\/wp-content\/uploads\/2025\/08\/\u30a2\u30e9\u30d3\u30a2\u8a9e-300x237.png 300w, https:\/\/ap-doctorsupport.com\/article\/wp-content\/uploads\/2025\/08\/\u30a2\u30e9\u30d3\u30a2\u8a9e-768x606.png 768w\" sizes=\"auto, (max-width: 802px) 100vw, 802px\" \/><\/a><\/figure>\n<\/div>\n\n\n\n<div class=\"wp-block-column is-layout-flow wp-block-column-is-layout-flow\">\n<figure class=\"wp-block-image size-full\"><a href=\"https:\/\/ap-doctorsupport.com\/article\/global-procurement-support-for-attracting-medical-institutions-overseas-fr\"><img loading=\"lazy\" decoding=\"async\" width=\"802\" height=\"625\" src=\"https:\/\/ap-doctorsupport.com\/article\/wp-content\/uploads\/2025\/08\/\u30d5\u30e9\u30f3\u30b9\u8a9e.png\" alt=\"\" class=\"wp-image-645\" srcset=\"https:\/\/ap-doctorsupport.com\/article\/wp-content\/uploads\/2025\/08\/\u30d5\u30e9\u30f3\u30b9\u8a9e.png 802w, https:\/\/ap-doctorsupport.com\/article\/wp-content\/uploads\/2025\/08\/\u30d5\u30e9\u30f3\u30b9\u8a9e-300x234.png 300w, https:\/\/ap-doctorsupport.com\/article\/wp-content\/uploads\/2025\/08\/\u30d5\u30e9\u30f3\u30b9\u8a9e-768x599.png 768w\" sizes=\"auto, (max-width: 802px) 100vw, 802px\" \/><\/a><\/figure>\n<\/div>\n<\/div>\n<\/div>\n<\/div>\n\n\n\n<div class=\"wp-block-columns is-layout-flex wp-container-core-columns-is-layout-9d6595d7 wp-block-columns-is-layout-flex\">\n<div class=\"wp-block-column is-layout-flow wp-block-column-is-layout-flow\">\n<div class=\"wp-block-columns is-not-stacked-on-mobile is-layout-flex wp-container-core-columns-is-layout-9d6595d7 wp-block-columns-is-layout-flex\">\n<div class=\"wp-block-column is-layout-flow wp-block-column-is-layout-flow\">\n<figure class=\"wp-block-image size-full\"><a href=\"https:\/\/ap-doctorsupport.com\/article\/global-procurement-support-for-attracting-medical-institutions-overseas\/\"><img loading=\"lazy\" decoding=\"async\" width=\"802\" height=\"631\" src=\"https:\/\/ap-doctorsupport.com\/article\/wp-content\/uploads\/2025\/08\/\u65e5\u672c\u8a9e.png\" alt=\"\" class=\"wp-image-646\" srcset=\"https:\/\/ap-doctorsupport.com\/article\/wp-content\/uploads\/2025\/08\/\u65e5\u672c\u8a9e.png 802w, https:\/\/ap-doctorsupport.com\/article\/wp-content\/uploads\/2025\/08\/\u65e5\u672c\u8a9e-300x236.png 300w, https:\/\/ap-doctorsupport.com\/article\/wp-content\/uploads\/2025\/08\/\u65e5\u672c\u8a9e-768x604.png 768w\" sizes=\"auto, (max-width: 802px) 100vw, 802px\" \/><\/a><\/figure>\n<\/div>\n\n\n\n<div class=\"wp-block-column is-layout-flow wp-block-column-is-layout-flow\">\n<figure class=\"wp-block-image size-full\"><a href=\"https:\/\/ap-doctorsupport.com\/article\/global-procurement-support-for-attracting-medical-institutions-overseas-en\"><img loading=\"lazy\" decoding=\"async\" width=\"802\" height=\"631\" src=\"https:\/\/ap-doctorsupport.com\/article\/wp-content\/uploads\/2025\/08\/\u82f1\u8a9e.png\" alt=\"\" class=\"wp-image-647\" srcset=\"https:\/\/ap-doctorsupport.com\/article\/wp-content\/uploads\/2025\/08\/\u82f1\u8a9e.png 802w, https:\/\/ap-doctorsupport.com\/article\/wp-content\/uploads\/2025\/08\/\u82f1\u8a9e-300x236.png 300w, https:\/\/ap-doctorsupport.com\/article\/wp-content\/uploads\/2025\/08\/\u82f1\u8a9e-768x604.png 768w\" sizes=\"auto, (max-width: 802px) 100vw, 802px\" \/><\/a><\/figure>\n<\/div>\n<\/div>\n<\/div>\n\n\n\n<div class=\"wp-block-column is-layout-flow wp-block-column-is-layout-flow\">\n<div class=\"wp-block-columns is-not-stacked-on-mobile is-layout-flex wp-container-core-columns-is-layout-9d6595d7 wp-block-columns-is-layout-flex\">\n<div class=\"wp-block-column is-layout-flow wp-block-column-is-layout-flow\"><\/div>\n\n\n\n<div class=\"wp-block-column is-layout-flow wp-block-column-is-layout-flow\"><\/div>\n<\/div>\n<\/div>\n<\/div>\n","protected":false},"excerpt":{"rendered":"<p>Notre entreprise soutient l'implantation et le fonctionnement d'\u00e9tablissements m\u00e9dicaux (h\u00f4pitaux et cliniques [&hellip;]<\/p>\n","protected":false},"author":1,"featured_media":770,"parent":0,"menu_order":0,"comment_status":"closed","ping_status":"closed","template":"","meta":{"vkexunit_cta_each_option":"","footnotes":""},"class_list":["post-782","page","type-page","status-publish","has-post-thumbnail","hentry"],"uagb_featured_image_src":{"full":["https:\/\/ap-doctorsupport.com\/article\/wp-content\/uploads\/2025\/08\/\u6d77\u5916\u8a98\u81f4.jpg",640,427,false],"thumbnail":["https:\/\/ap-doctorsupport.com\/article\/wp-content\/uploads\/2025\/08\/\u6d77\u5916\u8a98\u81f4-150x150.jpg",150,150,true],"medium":["https:\/\/ap-doctorsupport.com\/article\/wp-content\/uploads\/2025\/08\/\u6d77\u5916\u8a98\u81f4-300x200.jpg",300,200,true],"medium_large":["https:\/\/ap-doctorsupport.com\/article\/wp-content\/uploads\/2025\/08\/\u6d77\u5916\u8a98\u81f4.jpg",640,427,false],"large":["https:\/\/ap-doctorsupport.com\/article\/wp-content\/uploads\/2025\/08\/\u6d77\u5916\u8a98\u81f4.jpg",640,427,false],"1536x1536":["https:\/\/ap-doctorsupport.com\/article\/wp-content\/uploads\/2025\/08\/\u6d77\u5916\u8a98\u81f4.jpg",640,427,false],"2048x2048":["https:\/\/ap-doctorsupport.com\/article\/wp-content\/uploads\/2025\/08\/\u6d77\u5916\u8a98\u81f4.jpg",640,427,false],"post-thumbnail":["https:\/\/ap-doctorsupport.com\/article\/wp-content\/uploads\/2025\/08\/\u6d77\u5916\u8a98\u81f4-320x180.jpg",320,180,true]},"uagb_author_info":{"display_name":"admin","author_link":"https:\/\/ap-doctorsupport.com\/article\/author\/ap-doctorsupport\/"},"uagb_comment_info":0,"uagb_excerpt":"Notre entreprise soutient l'implantation et le fonction&hellip;","_links":{"self":[{"href":"https:\/\/ap-doctorsupport.com\/article\/wp-json\/wp\/v2\/pages\/782","targetHints":{"allow":["GET"]}}],"collection":[{"href":"https:\/\/ap-doctorsupport.com\/article\/wp-json\/wp\/v2\/pages"}],"about":[{"href":"https:\/\/ap-doctorsupport.com\/article\/wp-json\/wp\/v2\/types\/page"}],"author":[{"embeddable":true,"href":"https:\/\/ap-doctorsupport.com\/article\/wp-json\/wp\/v2\/users\/1"}],"replies":[{"embeddable":true,"href":"https:\/\/ap-doctorsupport.com\/article\/wp-json\/wp\/v2\/comments?post=782"}],"version-history":[{"count":2,"href":"https:\/\/ap-doctorsupport.com\/article\/wp-json\/wp\/v2\/pages\/782\/revisions"}],"predecessor-version":[{"id":801,"href":"https:\/\/ap-doctorsupport.com\/article\/wp-json\/wp\/v2\/pages\/782\/revisions\/801"}],"wp:featuredmedia":[{"embeddable":true,"href":"https:\/\/ap-doctorsupport.com\/article\/wp-json\/wp\/v2\/media\/770"}],"wp:attachment":[{"href":"https:\/\/ap-doctorsupport.com\/article\/wp-json\/wp\/v2\/media?parent=782"}],"curies":[{"name":"wp","href":"https:\/\/api.w.org\/{rel}","templated":true}]}}