{"id":779,"date":"2025-08-22T09:20:36","date_gmt":"2025-08-22T09:20:36","guid":{"rendered":"https:\/\/ap-doctorsupport.com\/article\/?page_id=779"},"modified":"2025-08-22T09:26:06","modified_gmt":"2025-08-22T09:26:06","slug":"global-procurement-support-for-attracting-medical-institutions-overseas-vi","status":"publish","type":"page","link":"https:\/\/ap-doctorsupport.com\/article\/global-procurement-support-for-attracting-medical-institutions-overseas-vi\/","title":{"rendered":"H\u1ed7 tr\u1ee3 c\u00e1c C\u01a1 s\u1edf Y t\u1ebf Nh\u1eadt B\u1ea3n \u1edf N\u01b0\u1edbc ngo\u00e0iv\u00e0 T\u00edch c\u1ef1c T\u00ecm ki\u1ebfm B\u1ea5t \u0111\u1ed9ng s\u1ea3n cho c\u00e1c C\u01a1 s\u1edf Y t\u1ebf \u1edf N\u01b0\u1edbc ngo\u00e0i"},"content":{"rendered":"<div class=\"wp-block-image\">\n<figure class=\"aligncenter size-full\"><img loading=\"lazy\" decoding=\"async\" width=\"640\" height=\"427\" src=\"https:\/\/ap-doctorsupport.com\/article\/wp-content\/uploads\/2025\/08\/\u6d77\u5916\u8a98\u81f4.jpg\" alt=\"\" class=\"wp-image-770\" srcset=\"https:\/\/ap-doctorsupport.com\/article\/wp-content\/uploads\/2025\/08\/\u6d77\u5916\u8a98\u81f4.jpg 640w, https:\/\/ap-doctorsupport.com\/article\/wp-content\/uploads\/2025\/08\/\u6d77\u5916\u8a98\u81f4-300x200.jpg 300w\" sizes=\"auto, (max-width: 640px) 100vw, 640px\" \/><\/figure>\n<\/div>\n\n\n<div style=\"height:20px\" aria-hidden=\"true\" class=\"wp-block-spacer\"><\/div>\n\n\n\n<p>C\u00f4ng ty ch\u00fang t\u00f4i h\u1ed7 tr\u1ee3 vi\u1ec7c th\u00e0nh l\u1eadp v\u00e0 v\u1eadn h\u00e0nh c\u00e1c c\u01a1 s\u1edf y t\u1ebf (b\u1ec7nh vi\u1ec7n v\u00e0 ph\u00f2ng kh\u00e1m) v\u00e0 c\u00e1c c\u01a1 s\u1edf ch\u0103m s\u00f3c \u0111i\u1ec1u d\u01b0\u1ee1ng t\u1ea1i Nh\u1eadt B\u1ea3n. Ch\u00fang t\u00f4i c\u0169ng h\u1ed7 tr\u1ee3 c\u00e1c b\u1ec7nh vi\u1ec7n v\u00e0 ph\u00f2ng kh\u00e1m Nh\u1eadt B\u1ea3n m\u1edf r\u1ed9ng ra n\u01b0\u1edbc ngo\u00e0i.<\/p>\n\n\n\n<p>Ch\u00fang t\u00f4i \u0111\u00e3 nh\u1eadn \u0111\u01b0\u1ee3c y\u00eau c\u1ea7u t\u1eeb n\u01b0\u1edbc ngo\u00e0i v\u1ec1 vi\u1ec7c th\u00e0nh l\u1eadp m\u1ed9t lo\u1ea1t c\u00e1c chuy\u00ean khoa y t\u1ebf, bao g\u1ed3m n\u1ed9i khoa (\u0111\u1eb7c bi\u1ec7t l\u00e0 tim m\u1ea1ch, ti\u00eau h\u00f3a, ti\u1ec3u \u0111\u01b0\u1eddng, h\u00f4 h\u1ea5p v\u00e0 th\u1eadn), ngo\u1ea1i khoa (ph\u1eabu thu\u1eadt t\u1ed5ng qu\u00e1t, ti\u00eau h\u00f3a, ch\u1ec9nh h\u00ecnh, ph\u1eabu thu\u1eadt l\u1ed3ng ng\u1ef1c, ph\u1eabu thu\u1eadt th\u1ea7n kinh, ph\u1eabu thu\u1eadt th\u1ea9m m\u1ef9, ph\u1eabu thu\u1eadt tim m\u1ea1ch v\u00e0 ph\u1eabu thu\u1eadt v\u00fa), s\u1ea3n khoa, ph\u1ee5 khoa, l\u1ecdc m\u00e1u, c\u1ea5p c\u1ee9u v\u00e0 nhi khoa. Ch\u00fang t\u00f4i s\u1ebd ti\u1ebfp t\u1ee5c t\u00edch c\u1ef1c th\u00fac \u0111\u1ea9y vi\u1ec7c th\u00e0nh l\u1eadp c\u00e1c c\u01a1 s\u1edf y t\u1ebf Nh\u1eadt B\u1ea3n \u1edf n\u01b0\u1edbc ngo\u00e0i.<\/p>\n\n\n\n<p>Ch\u00fang t\u00f4i c\u0169ng \u0111ang t\u00edch c\u1ef1c t\u00ecm ki\u1ebfm th\u00f4ng tin v\u1ec1 \u0111\u1ea5t \u0111ai v\u00e0 t\u00f2a nh\u00e0 \u0111\u1ec3 x\u00e2y d\u1ef1ng c\u01a1 s\u1edf y t\u1ebf t\u1eeb c\u00e1c kh\u00e1ch h\u00e0ng n\u01b0\u1edbc ngo\u00e0i c\u00f3 nhu c\u1ea7u th\u00e0nh l\u1eadp c\u00e1c c\u01a1 s\u1edf y t\u1ebf t\u1ea1i Nh\u1eadt B\u1ea3n. Ch\u00fang t\u00f4i r\u1ea5t mong nh\u1eadn \u0111\u01b0\u1ee3c ph\u1ea3n h\u1ed3i t\u1eeb qu\u00fd kh\u00e1ch.<\/p>\n\n\n\n<p>Vui l\u00f2ng li\u00ean h\u1ec7 v\u1edbi ch\u00fang t\u00f4i theo \u0111\u1ecba ch\u1ec9 b\u00ean d\u01b0\u1edbi.<\/p>\n\n\n\n<h3 class=\"wp-block-heading\">Nh\u1ea5p v\u00e0o \u0111\u00e2y \u0111\u1ec3 bi\u1ebft th\u00eam chi ti\u1ebft b\u1eb1ng t\u1eebng ng\u00f4n ng\u1eef<\/h3>\n\n\n\n<div class=\"wp-block-columns is-layout-flex wp-container-core-columns-is-layout-9d6595d7 wp-block-columns-is-layout-flex\">\n<div class=\"wp-block-column is-layout-flow wp-block-column-is-layout-flow\">\n<div class=\"wp-block-columns is-not-stacked-on-mobile is-layout-flex wp-container-core-columns-is-layout-9d6595d7 wp-block-columns-is-layout-flex\">\n<div class=\"wp-block-column is-layout-flow wp-block-column-is-layout-flow\">\n<figure class=\"wp-block-image size-full\"><a href=\"https:\/\/ap-doctorsupport.com\/article\/global-procurement-support-for-attracting-medical-institutions-overseas-th\/\"><img loading=\"lazy\" decoding=\"async\" width=\"802\" height=\"627\" src=\"https:\/\/ap-doctorsupport.com\/article\/wp-content\/uploads\/2025\/08\/\u30bf\u30a4\u8a9e.png\" alt=\"\" class=\"wp-image-638\" srcset=\"https:\/\/ap-doctorsupport.com\/article\/wp-content\/uploads\/2025\/08\/\u30bf\u30a4\u8a9e.png 802w, https:\/\/ap-doctorsupport.com\/article\/wp-content\/uploads\/2025\/08\/\u30bf\u30a4\u8a9e-300x235.png 300w, https:\/\/ap-doctorsupport.com\/article\/wp-content\/uploads\/2025\/08\/\u30bf\u30a4\u8a9e-768x600.png 768w\" sizes=\"auto, (max-width: 802px) 100vw, 802px\" \/><\/a><\/figure>\n<\/div>\n\n\n\n<div class=\"wp-block-column is-layout-flow wp-block-column-is-layout-flow\">\n<figure class=\"wp-block-image size-full\"><a href=\"https:\/\/ap-doctorsupport.com\/article\/global-procurement-support-for-attracting-medical-institutions-overseas-ms\"><img loading=\"lazy\" decoding=\"async\" width=\"802\" height=\"627\" src=\"https:\/\/ap-doctorsupport.com\/article\/wp-content\/uploads\/2025\/08\/\u30de\u30ec\u30fc\u8a9e.png\" alt=\"\" class=\"wp-image-639\" srcset=\"https:\/\/ap-doctorsupport.com\/article\/wp-content\/uploads\/2025\/08\/\u30de\u30ec\u30fc\u8a9e.png 802w, https:\/\/ap-doctorsupport.com\/article\/wp-content\/uploads\/2025\/08\/\u30de\u30ec\u30fc\u8a9e-300x235.png 300w, https:\/\/ap-doctorsupport.com\/article\/wp-content\/uploads\/2025\/08\/\u30de\u30ec\u30fc\u8a9e-768x600.png 768w\" sizes=\"auto, (max-width: 802px) 100vw, 802px\" \/><\/a><\/figure>\n<\/div>\n<\/div>\n<\/div>\n\n\n\n<div class=\"wp-block-column is-layout-flow wp-block-column-is-layout-flow\">\n<div class=\"wp-block-columns is-not-stacked-on-mobile is-layout-flex wp-container-core-columns-is-layout-9d6595d7 wp-block-columns-is-layout-flex\">\n<div class=\"wp-block-column is-layout-flow wp-block-column-is-layout-flow\">\n<figure class=\"wp-block-image size-full\"><a href=\"https:\/\/ap-doctorsupport.com\/article\/global-procurement-support-for-attracting-medical-institutions-overseas-km\"><img loading=\"lazy\" decoding=\"async\" width=\"802\" height=\"625\" src=\"https:\/\/ap-doctorsupport.com\/article\/wp-content\/uploads\/2025\/08\/\u30af\u30e1\u30fc\u30eb\u8a9e.png\" alt=\"\" class=\"wp-image-640\" srcset=\"https:\/\/ap-doctorsupport.com\/article\/wp-content\/uploads\/2025\/08\/\u30af\u30e1\u30fc\u30eb\u8a9e.png 802w, https:\/\/ap-doctorsupport.com\/article\/wp-content\/uploads\/2025\/08\/\u30af\u30e1\u30fc\u30eb\u8a9e-300x234.png 300w, https:\/\/ap-doctorsupport.com\/article\/wp-content\/uploads\/2025\/08\/\u30af\u30e1\u30fc\u30eb\u8a9e-768x599.png 768w\" sizes=\"auto, (max-width: 802px) 100vw, 802px\" \/><\/a><\/figure>\n<\/div>\n\n\n\n<div class=\"wp-block-column is-layout-flow wp-block-column-is-layout-flow\">\n<figure class=\"wp-block-image size-full\"><a href=\"https:\/\/ap-doctorsupport.com\/article\/global-procurement-support-for-attracting-medical-institutions-overseas-id\"><img loading=\"lazy\" decoding=\"async\" width=\"802\" height=\"631\" src=\"https:\/\/ap-doctorsupport.com\/article\/wp-content\/uploads\/2025\/08\/\u30a4\u30f3\u30c9\u30cd\u30b7\u30a2\u8a9e.png\" alt=\"\" class=\"wp-image-641\" srcset=\"https:\/\/ap-doctorsupport.com\/article\/wp-content\/uploads\/2025\/08\/\u30a4\u30f3\u30c9\u30cd\u30b7\u30a2\u8a9e.png 802w, https:\/\/ap-doctorsupport.com\/article\/wp-content\/uploads\/2025\/08\/\u30a4\u30f3\u30c9\u30cd\u30b7\u30a2\u8a9e-300x236.png 300w, https:\/\/ap-doctorsupport.com\/article\/wp-content\/uploads\/2025\/08\/\u30a4\u30f3\u30c9\u30cd\u30b7\u30a2\u8a9e-768x604.png 768w\" sizes=\"auto, (max-width: 802px) 100vw, 802px\" \/><\/a><\/figure>\n<\/div>\n<\/div>\n<\/div>\n<\/div>\n\n\n\n<div class=\"wp-block-columns is-layout-flex wp-container-core-columns-is-layout-9d6595d7 wp-block-columns-is-layout-flex\">\n<div class=\"wp-block-column is-layout-flow wp-block-column-is-layout-flow\">\n<div class=\"wp-block-columns is-not-stacked-on-mobile is-layout-flex wp-container-core-columns-is-layout-9d6595d7 wp-block-columns-is-layout-flex\">\n<div class=\"wp-block-column is-layout-flow wp-block-column-is-layout-flow\">\n<figure class=\"wp-block-image size-full\"><a href=\"https:\/\/ap-doctorsupport.com\/article\/global-procurement-support-for-attracting-medical-institutions-overseas-vi\"><img loading=\"lazy\" decoding=\"async\" width=\"802\" height=\"625\" src=\"https:\/\/ap-doctorsupport.com\/article\/wp-content\/uploads\/2025\/08\/\u30d9\u30c8\u30ca\u30e0\u8a9e.png\" alt=\"\" class=\"wp-image-642\" srcset=\"https:\/\/ap-doctorsupport.com\/article\/wp-content\/uploads\/2025\/08\/\u30d9\u30c8\u30ca\u30e0\u8a9e.png 802w, https:\/\/ap-doctorsupport.com\/article\/wp-content\/uploads\/2025\/08\/\u30d9\u30c8\u30ca\u30e0\u8a9e-300x234.png 300w, https:\/\/ap-doctorsupport.com\/article\/wp-content\/uploads\/2025\/08\/\u30d9\u30c8\u30ca\u30e0\u8a9e-768x599.png 768w\" sizes=\"auto, (max-width: 802px) 100vw, 802px\" \/><\/a><\/figure>\n<\/div>\n\n\n\n<div class=\"wp-block-column is-layout-flow wp-block-column-is-layout-flow\">\n<figure class=\"wp-block-image size-full\"><a href=\"https:\/\/ap-doctorsupport.com\/article\/global-procurement-support-for-attracting-medical-institutions-overseas-hi\"><img loading=\"lazy\" decoding=\"async\" width=\"802\" height=\"627\" src=\"https:\/\/ap-doctorsupport.com\/article\/wp-content\/uploads\/2025\/08\/\u30d2\u30f3\u30c7\u30a3\u30fc\u8a9e.png\" alt=\"\" class=\"wp-image-643\" srcset=\"https:\/\/ap-doctorsupport.com\/article\/wp-content\/uploads\/2025\/08\/\u30d2\u30f3\u30c7\u30a3\u30fc\u8a9e.png 802w, https:\/\/ap-doctorsupport.com\/article\/wp-content\/uploads\/2025\/08\/\u30d2\u30f3\u30c7\u30a3\u30fc\u8a9e-300x235.png 300w, https:\/\/ap-doctorsupport.com\/article\/wp-content\/uploads\/2025\/08\/\u30d2\u30f3\u30c7\u30a3\u30fc\u8a9e-768x600.png 768w\" sizes=\"auto, (max-width: 802px) 100vw, 802px\" \/><\/a><\/figure>\n<\/div>\n<\/div>\n<\/div>\n\n\n\n<div class=\"wp-block-column is-layout-flow wp-block-column-is-layout-flow\">\n<div class=\"wp-block-columns is-not-stacked-on-mobile is-layout-flex wp-container-core-columns-is-layout-9d6595d7 wp-block-columns-is-layout-flex\">\n<div class=\"wp-block-column is-layout-flow wp-block-column-is-layout-flow\">\n<figure class=\"wp-block-image size-full\"><a href=\"https:\/\/ap-doctorsupport.com\/article\/global-procurement-support-for-attracting-medical-institutions-overseas-ar\"><img loading=\"lazy\" decoding=\"async\" width=\"802\" height=\"633\" src=\"https:\/\/ap-doctorsupport.com\/article\/wp-content\/uploads\/2025\/08\/\u30a2\u30e9\u30d3\u30a2\u8a9e.png\" alt=\"\" class=\"wp-image-644\" srcset=\"https:\/\/ap-doctorsupport.com\/article\/wp-content\/uploads\/2025\/08\/\u30a2\u30e9\u30d3\u30a2\u8a9e.png 802w, https:\/\/ap-doctorsupport.com\/article\/wp-content\/uploads\/2025\/08\/\u30a2\u30e9\u30d3\u30a2\u8a9e-300x237.png 300w, https:\/\/ap-doctorsupport.com\/article\/wp-content\/uploads\/2025\/08\/\u30a2\u30e9\u30d3\u30a2\u8a9e-768x606.png 768w\" sizes=\"auto, (max-width: 802px) 100vw, 802px\" \/><\/a><\/figure>\n<\/div>\n\n\n\n<div class=\"wp-block-column is-layout-flow wp-block-column-is-layout-flow\">\n<figure class=\"wp-block-image size-full\"><a href=\"https:\/\/ap-doctorsupport.com\/article\/global-procurement-support-for-attracting-medical-institutions-overseas-fr\"><img loading=\"lazy\" decoding=\"async\" width=\"802\" height=\"625\" src=\"https:\/\/ap-doctorsupport.com\/article\/wp-content\/uploads\/2025\/08\/\u30d5\u30e9\u30f3\u30b9\u8a9e.png\" alt=\"\" class=\"wp-image-645\" srcset=\"https:\/\/ap-doctorsupport.com\/article\/wp-content\/uploads\/2025\/08\/\u30d5\u30e9\u30f3\u30b9\u8a9e.png 802w, https:\/\/ap-doctorsupport.com\/article\/wp-content\/uploads\/2025\/08\/\u30d5\u30e9\u30f3\u30b9\u8a9e-300x234.png 300w, https:\/\/ap-doctorsupport.com\/article\/wp-content\/uploads\/2025\/08\/\u30d5\u30e9\u30f3\u30b9\u8a9e-768x599.png 768w\" sizes=\"auto, (max-width: 802px) 100vw, 802px\" \/><\/a><\/figure>\n<\/div>\n<\/div>\n<\/div>\n<\/div>\n\n\n\n<div class=\"wp-block-columns is-layout-flex wp-container-core-columns-is-layout-9d6595d7 wp-block-columns-is-layout-flex\">\n<div class=\"wp-block-column is-layout-flow wp-block-column-is-layout-flow\">\n<div class=\"wp-block-columns is-not-stacked-on-mobile is-layout-flex wp-container-core-columns-is-layout-9d6595d7 wp-block-columns-is-layout-flex\">\n<div class=\"wp-block-column is-layout-flow wp-block-column-is-layout-flow\">\n<figure class=\"wp-block-image size-full\"><a href=\"https:\/\/ap-doctorsupport.com\/article\/global-procurement-support-for-attracting-medical-institutions-overseas\/\"><img loading=\"lazy\" decoding=\"async\" width=\"802\" height=\"631\" src=\"https:\/\/ap-doctorsupport.com\/article\/wp-content\/uploads\/2025\/08\/\u65e5\u672c\u8a9e.png\" alt=\"\" class=\"wp-image-646\" srcset=\"https:\/\/ap-doctorsupport.com\/article\/wp-content\/uploads\/2025\/08\/\u65e5\u672c\u8a9e.png 802w, https:\/\/ap-doctorsupport.com\/article\/wp-content\/uploads\/2025\/08\/\u65e5\u672c\u8a9e-300x236.png 300w, https:\/\/ap-doctorsupport.com\/article\/wp-content\/uploads\/2025\/08\/\u65e5\u672c\u8a9e-768x604.png 768w\" sizes=\"auto, (max-width: 802px) 100vw, 802px\" \/><\/a><\/figure>\n<\/div>\n\n\n\n<div class=\"wp-block-column is-layout-flow wp-block-column-is-layout-flow\">\n<figure class=\"wp-block-image size-full\"><a href=\"https:\/\/ap-doctorsupport.com\/article\/global-procurement-support-for-attracting-medical-institutions-overseas-en\"><img loading=\"lazy\" decoding=\"async\" width=\"802\" height=\"631\" src=\"https:\/\/ap-doctorsupport.com\/article\/wp-content\/uploads\/2025\/08\/\u82f1\u8a9e.png\" alt=\"\" class=\"wp-image-647\" srcset=\"https:\/\/ap-doctorsupport.com\/article\/wp-content\/uploads\/2025\/08\/\u82f1\u8a9e.png 802w, https:\/\/ap-doctorsupport.com\/article\/wp-content\/uploads\/2025\/08\/\u82f1\u8a9e-300x236.png 300w, https:\/\/ap-doctorsupport.com\/article\/wp-content\/uploads\/2025\/08\/\u82f1\u8a9e-768x604.png 768w\" sizes=\"auto, (max-width: 802px) 100vw, 802px\" \/><\/a><\/figure>\n<\/div>\n<\/div>\n<\/div>\n\n\n\n<div class=\"wp-block-column is-layout-flow wp-block-column-is-layout-flow\">\n<div class=\"wp-block-columns is-not-stacked-on-mobile is-layout-flex wp-container-core-columns-is-layout-9d6595d7 wp-block-columns-is-layout-flex\">\n<div class=\"wp-block-column is-layout-flow wp-block-column-is-layout-flow\"><\/div>\n\n\n\n<div class=\"wp-block-column is-layout-flow wp-block-column-is-layout-flow\"><\/div>\n<\/div>\n<\/div>\n<\/div>\n","protected":false},"excerpt":{"rendered":"<p>C\u00f4ng ty ch\u00fang t\u00f4i h\u1ed7 tr\u1ee3 vi\u1ec7c th\u00e0nh l\u1eadp v\u00e0 v\u1eadn h\u00e0nh c\u00e1c c\u01a1 s\u1edf y t\u1ebf (b\u1ec7nh vi\u1ec7n v\u00e0 ph\u00f2ng kh\u00e1m) v\u00e0 c\u00e1c c\u01a1 s\u1edf ch\u0103m [&hellip;]<\/p>\n","protected":false},"author":1,"featured_media":770,"parent":0,"menu_order":0,"comment_status":"closed","ping_status":"closed","template":"","meta":{"vkexunit_cta_each_option":"","footnotes":""},"class_list":["post-779","page","type-page","status-publish","has-post-thumbnail","hentry"],"uagb_featured_image_src":{"full":["https:\/\/ap-doctorsupport.com\/article\/wp-content\/uploads\/2025\/08\/\u6d77\u5916\u8a98\u81f4.jpg",640,427,false],"thumbnail":["https:\/\/ap-doctorsupport.com\/article\/wp-content\/uploads\/2025\/08\/\u6d77\u5916\u8a98\u81f4-150x150.jpg",150,150,true],"medium":["https:\/\/ap-doctorsupport.com\/article\/wp-content\/uploads\/2025\/08\/\u6d77\u5916\u8a98\u81f4-300x200.jpg",300,200,true],"medium_large":["https:\/\/ap-doctorsupport.com\/article\/wp-content\/uploads\/2025\/08\/\u6d77\u5916\u8a98\u81f4.jpg",640,427,false],"large":["https:\/\/ap-doctorsupport.com\/article\/wp-content\/uploads\/2025\/08\/\u6d77\u5916\u8a98\u81f4.jpg",640,427,false],"1536x1536":["https:\/\/ap-doctorsupport.com\/article\/wp-content\/uploads\/2025\/08\/\u6d77\u5916\u8a98\u81f4.jpg",640,427,false],"2048x2048":["https:\/\/ap-doctorsupport.com\/article\/wp-content\/uploads\/2025\/08\/\u6d77\u5916\u8a98\u81f4.jpg",640,427,false],"post-thumbnail":["https:\/\/ap-doctorsupport.com\/article\/wp-content\/uploads\/2025\/08\/\u6d77\u5916\u8a98\u81f4-320x180.jpg",320,180,true]},"uagb_author_info":{"display_name":"admin","author_link":"https:\/\/ap-doctorsupport.com\/article\/author\/ap-doctorsupport\/"},"uagb_comment_info":0,"uagb_excerpt":"C\u00f4ng ty ch\u00fang t\u00f4i h\u1ed7 tr\u1ee3 vi\u1ec7c th\u00e0nh l\u1eadp v\u00e0 v\u1eadn h\u00e0nh c\u00e1c&hellip;","_links":{"self":[{"href":"https:\/\/ap-doctorsupport.com\/article\/wp-json\/wp\/v2\/pages\/779","targetHints":{"allow":["GET"]}}],"collection":[{"href":"https:\/\/ap-doctorsupport.com\/article\/wp-json\/wp\/v2\/pages"}],"about":[{"href":"https:\/\/ap-doctorsupport.com\/article\/wp-json\/wp\/v2\/types\/page"}],"author":[{"embeddable":true,"href":"https:\/\/ap-doctorsupport.com\/article\/wp-json\/wp\/v2\/users\/1"}],"replies":[{"embeddable":true,"href":"https:\/\/ap-doctorsupport.com\/article\/wp-json\/wp\/v2\/comments?post=779"}],"version-history":[{"count":2,"href":"https:\/\/ap-doctorsupport.com\/article\/wp-json\/wp\/v2\/pages\/779\/revisions"}],"predecessor-version":[{"id":798,"href":"https:\/\/ap-doctorsupport.com\/article\/wp-json\/wp\/v2\/pages\/779\/revisions\/798"}],"wp:featuredmedia":[{"embeddable":true,"href":"https:\/\/ap-doctorsupport.com\/article\/wp-json\/wp\/v2\/media\/770"}],"wp:attachment":[{"href":"https:\/\/ap-doctorsupport.com\/article\/wp-json\/wp\/v2\/media?parent=779"}],"curies":[{"name":"wp","href":"https:\/\/api.w.org\/{rel}","templated":true}]}}