{"id":739,"date":"2025-08-22T08:58:24","date_gmt":"2025-08-22T08:58:24","guid":{"rendered":"https:\/\/ap-doctorsupport.com\/article\/?page_id=739"},"modified":"2025-08-22T09:12:00","modified_gmt":"2025-08-22T09:12:00","slug":"global-procurement-fr","status":"publish","type":"page","link":"https:\/\/ap-doctorsupport.com\/article\/global-procurement-fr\/","title":{"rendered":"Informations commerciales sur l'approvisionnement et la vente de produits \u00e0 l'international"},"content":{"rendered":"<div class=\"wp-block-image\">\n<figure class=\"aligncenter size-full\"><img loading=\"lazy\" decoding=\"async\" width=\"640\" height=\"478\" src=\"https:\/\/ap-doctorsupport.com\/article\/wp-content\/uploads\/2025\/08\/\u56fd\u969b\u8abf\u9054.jpg\" alt=\"\" class=\"wp-image-728\" srcset=\"https:\/\/ap-doctorsupport.com\/article\/wp-content\/uploads\/2025\/08\/\u56fd\u969b\u8abf\u9054.jpg 640w, https:\/\/ap-doctorsupport.com\/article\/wp-content\/uploads\/2025\/08\/\u56fd\u969b\u8abf\u9054-300x224.jpg 300w\" sizes=\"auto, (max-width: 640px) 100vw, 640px\" \/><\/figure>\n<\/div>\n\n\n<div style=\"height:20px\" aria-hidden=\"true\" class=\"wp-block-spacer\"><\/div>\n\n\n\n<p>Agent Professional Co., Ltd. exploite une activit\u00e9 d'approvisionnement et de vente afin d'aider ses clients du monde entier \u00e0 obtenir les produits qu'ils souhaitent, au moment opportun. Nos produits comprennent des \u00e9quipements m\u00e9dicaux, des produits m\u00e9dicaux, des produits sanitaires, des syst\u00e8mes m\u00e9dicaux et des v\u00e9hicules m\u00e9dicaux tels que des fourgons de d\u00e9pistage mobiles et des ambulances, ainsi que divers autres produits, notamment des mati\u00e8res premi\u00e8res, des machines, des biens immobiliers et m\u00eame de la main-d'\u0153uvre. (Nous ne pouvons pas nous procurer d'armes, de stup\u00e9fiants ni d'autres articles soumis \u00e0 des restrictions.) Notre entreprise, initialement distributeur d'\u00e9quipements m\u00e9dicaux, de fournitures m\u00e9dicales et de produits sanitaires, ach\u00e8te et vend aujourd'hui une large gamme de produits.<\/p>\n\n\n\n<p>Avec la mondialisation, une vari\u00e9t\u00e9 de produits, de mati\u00e8res premi\u00e8res et de pi\u00e8ces d\u00e9tach\u00e9es sont \u00e9chang\u00e9s au-del\u00e0 des fronti\u00e8res. L'achat de produits provenant de diff\u00e9rentes r\u00e9gions offre des avantages tels que la r\u00e9duction des co\u00fbts, l'am\u00e9lioration de la qualit\u00e9 des produits, la diversification des fournisseurs et le renforcement de la cha\u00eene d'approvisionnement.<\/p>\n\n\n\n<p>Cependant, le monde est confront\u00e9 \u00e0 divers risques, notamment la hausse des prix due aux guerres et aux conflits, et plus r\u00e9cemment aux droits de douane impos\u00e9s par Trump. Ces risques font grimper les prix encore davantage. Cependant, les nations et leurs citoyens doivent continuer \u00e0 travailler sans rel\u00e2che. Les pays d\u00e9pendent de leurs ressources humaines, de leurs biens et de leur argent. Il existe \u00e9galement des pays o\u00f9 les biens sont rares, ou o\u00f9 les gens souhaitent acheter des choses mais n'en ont pas les moyens. M\u00eame dans ce contexte, les biens et produits essentiels doivent \u00eatre achet\u00e9s. Cependant, les restrictions commerciales et l'inefficacit\u00e9 des relations internationales emp\u00eachent de nombreux pays d'acheter les produits qu'ils souhaitent.<\/p>\n\n\n\n<p>Nous souhaitons vous pr\u00e9senter les avantages de notre approvisionnement mondial.<\/p>\n\n\n\n<ul class=\"wp-block-list\">\n<li>R\u00e9duction des co\u00fbts : Les prix varient \u00e0 travers le monde, qu'il s'agisse des produits, des mati\u00e8res premi\u00e8res, des machines, de l'immobilier ou de la main-d'\u0153uvre. Trouver des options abordables et adapt\u00e9es peut r\u00e9duire les co\u00fbts.<\/li>\n\n\n\n<li>Am\u00e9lioration de la qualit\u00e9 : Alors que le faible co\u00fbt \u00e9tait autrefois privil\u00e9gi\u00e9 par rapport \u00e0 la qualit\u00e9, la qualit\u00e9 est d\u00e9sormais devenue un facteur important dans l'approvisionnement. Certaines r\u00e9gions et certains pays peuvent disposer de technologies et d'un savoir-faire avanc\u00e9s. En \u00e9tudiant les caract\u00e9ristiques de ces r\u00e9gions, il est d\u00e9sormais possible de s'approvisionner en produits de haute qualit\u00e9.<\/li>\n\n\n\n<li>Diff\u00e9rences culturelles et linguistiques : Les malentendus et les probl\u00e8mes de communication sont plus fr\u00e9quents avec des fournisseurs aux cultures et aux pratiques commerciales diff\u00e9rentes. Par exemple, des points importants peuvent ne pas \u00eatre abord\u00e9s lors des n\u00e9gociations contractuelles. C'est pourquoi nous proposons une assistance dans une vari\u00e9t\u00e9 de langues.<\/li>\n\n\n\n<li>Garantie de la qualit\u00e9 des produits : Lors de l'achat de mat\u00e9riaux, de pi\u00e8ces, de produits, etc. aupr\u00e8s de fournisseurs \u00e9trangers, le processus de fabrication est invisible, ce qui peut entra\u00eener un taux \u00e9lev\u00e9 de d\u00e9fauts. Pour \u00e9viter cela, nous mettons en place des processus de contr\u00f4le qualit\u00e9 stricts (par exemple, des inspections) et des contrats de vente rigoureux.<\/li>\n\n\n\n<li>Risque de retards de livraison : L'approvisionnement \u00e0 l'\u00e9tranger n\u00e9cessite souvent des d\u00e9lais de logistique et de d\u00e9douanement, ce qui entra\u00eene un risque de retard de livraison. De plus, avec le transport maritime, des retards peuvent survenir en raison de facteurs impr\u00e9vus tels que les conditions m\u00e9t\u00e9orologiques, la congestion portuaire et le risque d'activit\u00e9s ill\u00e9gales comme la piraterie. Pour y rem\u00e9dier, nous fixons des dates de livraison suffisamment pr\u00e9cises et nous effor\u00e7ons de trouver d'autres fournisseurs.<\/li>\n<\/ul>\n\n\n\n<p>Chez Agent Professional Co., Ltd., nous voyageons dans le monde entier et menons des activit\u00e9s tr\u00e8s syst\u00e9matiques. Nous vous invitons \u00e0 d\u00e9couvrir nos services aux entreprises par vous-m\u00eame. Au plaisir de vous lire.<\/p>\n\n\n\n<h3 class=\"wp-block-heading\">Cliquez ici pour plus de d\u00e9tails dans chaque langue<\/h3>\n\n\n\n<div class=\"wp-block-columns is-layout-flex wp-container-core-columns-is-layout-9d6595d7 wp-block-columns-is-layout-flex\">\n<div class=\"wp-block-column is-layout-flow wp-block-column-is-layout-flow\">\n<div class=\"wp-block-columns is-not-stacked-on-mobile is-layout-flex wp-container-core-columns-is-layout-9d6595d7 wp-block-columns-is-layout-flex\">\n<div class=\"wp-block-column is-layout-flow wp-block-column-is-layout-flow\">\n<figure class=\"wp-block-image size-full\"><a href=\"https:\/\/ap-doctorsupport.com\/article\/global-procurement-th\/\"><img loading=\"lazy\" decoding=\"async\" width=\"802\" height=\"627\" src=\"https:\/\/ap-doctorsupport.com\/article\/wp-content\/uploads\/2025\/08\/\u30bf\u30a4\u8a9e.png\" alt=\"\" class=\"wp-image-638\" srcset=\"https:\/\/ap-doctorsupport.com\/article\/wp-content\/uploads\/2025\/08\/\u30bf\u30a4\u8a9e.png 802w, https:\/\/ap-doctorsupport.com\/article\/wp-content\/uploads\/2025\/08\/\u30bf\u30a4\u8a9e-300x235.png 300w, https:\/\/ap-doctorsupport.com\/article\/wp-content\/uploads\/2025\/08\/\u30bf\u30a4\u8a9e-768x600.png 768w\" sizes=\"auto, (max-width: 802px) 100vw, 802px\" \/><\/a><\/figure>\n<\/div>\n\n\n\n<div class=\"wp-block-column is-layout-flow wp-block-column-is-layout-flow\">\n<figure class=\"wp-block-image size-full\"><a href=\"https:\/\/ap-doctorsupport.com\/article\/global-procurement-ms\"><img loading=\"lazy\" decoding=\"async\" width=\"802\" height=\"627\" src=\"https:\/\/ap-doctorsupport.com\/article\/wp-content\/uploads\/2025\/08\/\u30de\u30ec\u30fc\u8a9e.png\" alt=\"\" class=\"wp-image-639\" srcset=\"https:\/\/ap-doctorsupport.com\/article\/wp-content\/uploads\/2025\/08\/\u30de\u30ec\u30fc\u8a9e.png 802w, https:\/\/ap-doctorsupport.com\/article\/wp-content\/uploads\/2025\/08\/\u30de\u30ec\u30fc\u8a9e-300x235.png 300w, https:\/\/ap-doctorsupport.com\/article\/wp-content\/uploads\/2025\/08\/\u30de\u30ec\u30fc\u8a9e-768x600.png 768w\" sizes=\"auto, (max-width: 802px) 100vw, 802px\" \/><\/a><\/figure>\n<\/div>\n<\/div>\n<\/div>\n\n\n\n<div class=\"wp-block-column is-layout-flow wp-block-column-is-layout-flow\">\n<div class=\"wp-block-columns is-not-stacked-on-mobile is-layout-flex wp-container-core-columns-is-layout-9d6595d7 wp-block-columns-is-layout-flex\">\n<div class=\"wp-block-column is-layout-flow wp-block-column-is-layout-flow\">\n<figure class=\"wp-block-image size-full\"><a href=\"https:\/\/ap-doctorsupport.com\/article\/global-procurement-km\"><img loading=\"lazy\" decoding=\"async\" width=\"802\" height=\"625\" src=\"https:\/\/ap-doctorsupport.com\/article\/wp-content\/uploads\/2025\/08\/\u30af\u30e1\u30fc\u30eb\u8a9e.png\" alt=\"\" class=\"wp-image-640\" srcset=\"https:\/\/ap-doctorsupport.com\/article\/wp-content\/uploads\/2025\/08\/\u30af\u30e1\u30fc\u30eb\u8a9e.png 802w, https:\/\/ap-doctorsupport.com\/article\/wp-content\/uploads\/2025\/08\/\u30af\u30e1\u30fc\u30eb\u8a9e-300x234.png 300w, https:\/\/ap-doctorsupport.com\/article\/wp-content\/uploads\/2025\/08\/\u30af\u30e1\u30fc\u30eb\u8a9e-768x599.png 768w\" sizes=\"auto, (max-width: 802px) 100vw, 802px\" \/><\/a><\/figure>\n<\/div>\n\n\n\n<div class=\"wp-block-column is-layout-flow wp-block-column-is-layout-flow\">\n<figure class=\"wp-block-image size-full\"><a href=\"https:\/\/ap-doctorsupport.com\/article\/global-procurement-id\"><img loading=\"lazy\" decoding=\"async\" width=\"802\" height=\"631\" src=\"https:\/\/ap-doctorsupport.com\/article\/wp-content\/uploads\/2025\/08\/\u30a4\u30f3\u30c9\u30cd\u30b7\u30a2\u8a9e.png\" alt=\"\" class=\"wp-image-641\" srcset=\"https:\/\/ap-doctorsupport.com\/article\/wp-content\/uploads\/2025\/08\/\u30a4\u30f3\u30c9\u30cd\u30b7\u30a2\u8a9e.png 802w, https:\/\/ap-doctorsupport.com\/article\/wp-content\/uploads\/2025\/08\/\u30a4\u30f3\u30c9\u30cd\u30b7\u30a2\u8a9e-300x236.png 300w, https:\/\/ap-doctorsupport.com\/article\/wp-content\/uploads\/2025\/08\/\u30a4\u30f3\u30c9\u30cd\u30b7\u30a2\u8a9e-768x604.png 768w\" sizes=\"auto, (max-width: 802px) 100vw, 802px\" \/><\/a><\/figure>\n<\/div>\n<\/div>\n<\/div>\n<\/div>\n\n\n\n<div class=\"wp-block-columns is-layout-flex wp-container-core-columns-is-layout-9d6595d7 wp-block-columns-is-layout-flex\">\n<div class=\"wp-block-column is-layout-flow wp-block-column-is-layout-flow\">\n<div class=\"wp-block-columns is-not-stacked-on-mobile is-layout-flex wp-container-core-columns-is-layout-9d6595d7 wp-block-columns-is-layout-flex\">\n<div class=\"wp-block-column is-layout-flow wp-block-column-is-layout-flow\">\n<figure class=\"wp-block-image size-full\"><a href=\"https:\/\/ap-doctorsupport.com\/article\/global-procurement-vi\"><img loading=\"lazy\" decoding=\"async\" width=\"802\" height=\"625\" src=\"https:\/\/ap-doctorsupport.com\/article\/wp-content\/uploads\/2025\/08\/\u30d9\u30c8\u30ca\u30e0\u8a9e.png\" alt=\"\" class=\"wp-image-642\" srcset=\"https:\/\/ap-doctorsupport.com\/article\/wp-content\/uploads\/2025\/08\/\u30d9\u30c8\u30ca\u30e0\u8a9e.png 802w, https:\/\/ap-doctorsupport.com\/article\/wp-content\/uploads\/2025\/08\/\u30d9\u30c8\u30ca\u30e0\u8a9e-300x234.png 300w, https:\/\/ap-doctorsupport.com\/article\/wp-content\/uploads\/2025\/08\/\u30d9\u30c8\u30ca\u30e0\u8a9e-768x599.png 768w\" sizes=\"auto, (max-width: 802px) 100vw, 802px\" \/><\/a><\/figure>\n<\/div>\n\n\n\n<div class=\"wp-block-column is-layout-flow wp-block-column-is-layout-flow\">\n<figure class=\"wp-block-image size-full\"><a href=\"https:\/\/ap-doctorsupport.com\/article\/global-procurement-hi\"><img loading=\"lazy\" decoding=\"async\" width=\"802\" height=\"627\" src=\"https:\/\/ap-doctorsupport.com\/article\/wp-content\/uploads\/2025\/08\/\u30d2\u30f3\u30c7\u30a3\u30fc\u8a9e.png\" alt=\"\" class=\"wp-image-643\" srcset=\"https:\/\/ap-doctorsupport.com\/article\/wp-content\/uploads\/2025\/08\/\u30d2\u30f3\u30c7\u30a3\u30fc\u8a9e.png 802w, https:\/\/ap-doctorsupport.com\/article\/wp-content\/uploads\/2025\/08\/\u30d2\u30f3\u30c7\u30a3\u30fc\u8a9e-300x235.png 300w, https:\/\/ap-doctorsupport.com\/article\/wp-content\/uploads\/2025\/08\/\u30d2\u30f3\u30c7\u30a3\u30fc\u8a9e-768x600.png 768w\" sizes=\"auto, (max-width: 802px) 100vw, 802px\" \/><\/a><\/figure>\n<\/div>\n<\/div>\n<\/div>\n\n\n\n<div class=\"wp-block-column is-layout-flow wp-block-column-is-layout-flow\">\n<div class=\"wp-block-columns is-not-stacked-on-mobile is-layout-flex wp-container-core-columns-is-layout-9d6595d7 wp-block-columns-is-layout-flex\">\n<div class=\"wp-block-column is-layout-flow wp-block-column-is-layout-flow\">\n<figure class=\"wp-block-image size-full\"><a href=\"https:\/\/ap-doctorsupport.com\/article\/global-procurement-ar\"><img loading=\"lazy\" decoding=\"async\" width=\"802\" height=\"633\" src=\"https:\/\/ap-doctorsupport.com\/article\/wp-content\/uploads\/2025\/08\/\u30a2\u30e9\u30d3\u30a2\u8a9e.png\" alt=\"\" class=\"wp-image-644\" srcset=\"https:\/\/ap-doctorsupport.com\/article\/wp-content\/uploads\/2025\/08\/\u30a2\u30e9\u30d3\u30a2\u8a9e.png 802w, https:\/\/ap-doctorsupport.com\/article\/wp-content\/uploads\/2025\/08\/\u30a2\u30e9\u30d3\u30a2\u8a9e-300x237.png 300w, https:\/\/ap-doctorsupport.com\/article\/wp-content\/uploads\/2025\/08\/\u30a2\u30e9\u30d3\u30a2\u8a9e-768x606.png 768w\" sizes=\"auto, (max-width: 802px) 100vw, 802px\" \/><\/a><\/figure>\n<\/div>\n\n\n\n<div class=\"wp-block-column is-layout-flow wp-block-column-is-layout-flow\">\n<figure class=\"wp-block-image size-full\"><a href=\"https:\/\/ap-doctorsupport.com\/article\/global-procurement-fr\"><img loading=\"lazy\" decoding=\"async\" width=\"802\" height=\"625\" src=\"https:\/\/ap-doctorsupport.com\/article\/wp-content\/uploads\/2025\/08\/\u30d5\u30e9\u30f3\u30b9\u8a9e.png\" alt=\"\" class=\"wp-image-645\" srcset=\"https:\/\/ap-doctorsupport.com\/article\/wp-content\/uploads\/2025\/08\/\u30d5\u30e9\u30f3\u30b9\u8a9e.png 802w, https:\/\/ap-doctorsupport.com\/article\/wp-content\/uploads\/2025\/08\/\u30d5\u30e9\u30f3\u30b9\u8a9e-300x234.png 300w, https:\/\/ap-doctorsupport.com\/article\/wp-content\/uploads\/2025\/08\/\u30d5\u30e9\u30f3\u30b9\u8a9e-768x599.png 768w\" sizes=\"auto, (max-width: 802px) 100vw, 802px\" \/><\/a><\/figure>\n<\/div>\n<\/div>\n<\/div>\n<\/div>\n\n\n\n<div class=\"wp-block-columns is-layout-flex wp-container-core-columns-is-layout-9d6595d7 wp-block-columns-is-layout-flex\">\n<div class=\"wp-block-column is-layout-flow wp-block-column-is-layout-flow\">\n<div class=\"wp-block-columns is-not-stacked-on-mobile is-layout-flex wp-container-core-columns-is-layout-9d6595d7 wp-block-columns-is-layout-flex\">\n<div class=\"wp-block-column is-layout-flow wp-block-column-is-layout-flow\">\n<figure class=\"wp-block-image size-full\"><a href=\"https:\/\/ap-doctorsupport.com\/article\/global-procurement\/\"><img loading=\"lazy\" decoding=\"async\" width=\"802\" height=\"631\" src=\"https:\/\/ap-doctorsupport.com\/article\/wp-content\/uploads\/2025\/08\/\u65e5\u672c\u8a9e.png\" alt=\"\" class=\"wp-image-646\" srcset=\"https:\/\/ap-doctorsupport.com\/article\/wp-content\/uploads\/2025\/08\/\u65e5\u672c\u8a9e.png 802w, https:\/\/ap-doctorsupport.com\/article\/wp-content\/uploads\/2025\/08\/\u65e5\u672c\u8a9e-300x236.png 300w, https:\/\/ap-doctorsupport.com\/article\/wp-content\/uploads\/2025\/08\/\u65e5\u672c\u8a9e-768x604.png 768w\" sizes=\"auto, (max-width: 802px) 100vw, 802px\" \/><\/a><\/figure>\n<\/div>\n\n\n\n<div class=\"wp-block-column is-layout-flow wp-block-column-is-layout-flow\">\n<figure class=\"wp-block-image size-full\"><a href=\"https:\/\/ap-doctorsupport.com\/article\/global-procurement-en\"><img loading=\"lazy\" decoding=\"async\" width=\"802\" height=\"631\" src=\"https:\/\/ap-doctorsupport.com\/article\/wp-content\/uploads\/2025\/08\/\u82f1\u8a9e.png\" alt=\"\" class=\"wp-image-647\" srcset=\"https:\/\/ap-doctorsupport.com\/article\/wp-content\/uploads\/2025\/08\/\u82f1\u8a9e.png 802w, https:\/\/ap-doctorsupport.com\/article\/wp-content\/uploads\/2025\/08\/\u82f1\u8a9e-300x236.png 300w, https:\/\/ap-doctorsupport.com\/article\/wp-content\/uploads\/2025\/08\/\u82f1\u8a9e-768x604.png 768w\" sizes=\"auto, (max-width: 802px) 100vw, 802px\" \/><\/a><\/figure>\n<\/div>\n<\/div>\n<\/div>\n\n\n\n<div class=\"wp-block-column is-layout-flow wp-block-column-is-layout-flow\">\n<div class=\"wp-block-columns is-not-stacked-on-mobile is-layout-flex wp-container-core-columns-is-layout-9d6595d7 wp-block-columns-is-layout-flex\">\n<div class=\"wp-block-column is-layout-flow wp-block-column-is-layout-flow\"><\/div>\n\n\n\n<div class=\"wp-block-column is-layout-flow wp-block-column-is-layout-flow\"><\/div>\n<\/div>\n<\/div>\n<\/div>\n","protected":false},"excerpt":{"rendered":"<p>Agent Professional Co., Ltd. exploite une activit\u00e9 d'approvisionnement et de vente afin d'aider ses clients du [&hellip;]<\/p>\n","protected":false},"author":1,"featured_media":728,"parent":0,"menu_order":0,"comment_status":"closed","ping_status":"closed","template":"","meta":{"vkexunit_cta_each_option":"","footnotes":""},"class_list":["post-739","page","type-page","status-publish","has-post-thumbnail","hentry"],"uagb_featured_image_src":{"full":["https:\/\/ap-doctorsupport.com\/article\/wp-content\/uploads\/2025\/08\/\u56fd\u969b\u8abf\u9054.jpg",640,478,false],"thumbnail":["https:\/\/ap-doctorsupport.com\/article\/wp-content\/uploads\/2025\/08\/\u56fd\u969b\u8abf\u9054-150x150.jpg",150,150,true],"medium":["https:\/\/ap-doctorsupport.com\/article\/wp-content\/uploads\/2025\/08\/\u56fd\u969b\u8abf\u9054-300x224.jpg",300,224,true],"medium_large":["https:\/\/ap-doctorsupport.com\/article\/wp-content\/uploads\/2025\/08\/\u56fd\u969b\u8abf\u9054.jpg",640,478,false],"large":["https:\/\/ap-doctorsupport.com\/article\/wp-content\/uploads\/2025\/08\/\u56fd\u969b\u8abf\u9054.jpg",640,478,false],"1536x1536":["https:\/\/ap-doctorsupport.com\/article\/wp-content\/uploads\/2025\/08\/\u56fd\u969b\u8abf\u9054.jpg",640,478,false],"2048x2048":["https:\/\/ap-doctorsupport.com\/article\/wp-content\/uploads\/2025\/08\/\u56fd\u969b\u8abf\u9054.jpg",640,478,false],"post-thumbnail":["https:\/\/ap-doctorsupport.com\/article\/wp-content\/uploads\/2025\/08\/\u56fd\u969b\u8abf\u9054-320x180.jpg",320,180,true]},"uagb_author_info":{"display_name":"admin","author_link":"https:\/\/ap-doctorsupport.com\/article\/author\/ap-doctorsupport\/"},"uagb_comment_info":0,"uagb_excerpt":"Agent Professional Co., Ltd. exploite une activit\u00e9 d'ap&hellip;","_links":{"self":[{"href":"https:\/\/ap-doctorsupport.com\/article\/wp-json\/wp\/v2\/pages\/739","targetHints":{"allow":["GET"]}}],"collection":[{"href":"https:\/\/ap-doctorsupport.com\/article\/wp-json\/wp\/v2\/pages"}],"about":[{"href":"https:\/\/ap-doctorsupport.com\/article\/wp-json\/wp\/v2\/types\/page"}],"author":[{"embeddable":true,"href":"https:\/\/ap-doctorsupport.com\/article\/wp-json\/wp\/v2\/users\/1"}],"replies":[{"embeddable":true,"href":"https:\/\/ap-doctorsupport.com\/article\/wp-json\/wp\/v2\/comments?post=739"}],"version-history":[{"count":2,"href":"https:\/\/ap-doctorsupport.com\/article\/wp-json\/wp\/v2\/pages\/739\/revisions"}],"predecessor-version":[{"id":767,"href":"https:\/\/ap-doctorsupport.com\/article\/wp-json\/wp\/v2\/pages\/739\/revisions\/767"}],"wp:featuredmedia":[{"embeddable":true,"href":"https:\/\/ap-doctorsupport.com\/article\/wp-json\/wp\/v2\/media\/728"}],"wp:attachment":[{"href":"https:\/\/ap-doctorsupport.com\/article\/wp-json\/wp\/v2\/media?parent=739"}],"curies":[{"name":"wp","href":"https:\/\/api.w.org\/{rel}","templated":true}]}}