{"id":736,"date":"2025-08-22T08:57:48","date_gmt":"2025-08-22T08:57:48","guid":{"rendered":"https:\/\/ap-doctorsupport.com\/article\/?page_id=736"},"modified":"2025-08-22T09:07:47","modified_gmt":"2025-08-22T09:07:47","slug":"global-procurement-vi","status":"publish","type":"page","link":"https:\/\/ap-doctorsupport.com\/article\/global-procurement-vi\/","title":{"rendered":"Th\u00f4ng tin Kinh doanh Mua s\u1eafm v\u00e0 B\u00e1n h\u00e0ng S\u1ea3n ph\u1ea9m Qu\u1ed1c t\u1ebf"},"content":{"rendered":"<div class=\"wp-block-image\">\n<figure class=\"aligncenter size-full\"><img loading=\"lazy\" decoding=\"async\" width=\"640\" height=\"478\" src=\"https:\/\/ap-doctorsupport.com\/article\/wp-content\/uploads\/2025\/08\/\u56fd\u969b\u8abf\u9054.jpg\" alt=\"\" class=\"wp-image-728\" srcset=\"https:\/\/ap-doctorsupport.com\/article\/wp-content\/uploads\/2025\/08\/\u56fd\u969b\u8abf\u9054.jpg 640w, https:\/\/ap-doctorsupport.com\/article\/wp-content\/uploads\/2025\/08\/\u56fd\u969b\u8abf\u9054-300x224.jpg 300w\" sizes=\"auto, (max-width: 640px) 100vw, 640px\" \/><\/figure>\n<\/div>\n\n\n<div style=\"height:20px\" aria-hidden=\"true\" class=\"wp-block-spacer\"><\/div>\n\n\n\n<p>Agent Professional Co., Ltd. v\u1eadn h\u00e0nh m\u1ed9t doanh nghi\u1ec7p mua s\u1eafm v\u00e0 b\u00e1n h\u00e0ng nh\u1eb1m gi\u00fap kh\u00e1ch h\u00e0ng tr\u00ean to\u00e0n th\u1ebf gi\u1edbi c\u00f3 \u0111\u01b0\u1ee3c s\u1ea3n ph\u1ea9m h\u1ecd mong mu\u1ed1n, b\u1ea5t c\u1ee9 khi n\u00e0o h\u1ecd c\u1ea7n. S\u1ea3n ph\u1ea9m c\u1ee7a ch\u00fang t\u00f4i bao g\u1ed3m thi\u1ebft b\u1ecb y t\u1ebf, s\u1ea3n ph\u1ea9m y t\u1ebf, s\u1ea3n ph\u1ea9m v\u1ec7 sinh, h\u1ec7 th\u1ed1ng y t\u1ebf v\u00e0 ph\u01b0\u01a1ng ti\u1ec7n y t\u1ebf nh\u01b0 xe s\u00e0ng l\u1ecdc di \u0111\u1ed9ng v\u00e0 xe c\u1ee9u th\u01b0\u01a1ng, c\u0169ng nh\u01b0 nhi\u1ec1u s\u1ea3n ph\u1ea9m kh\u00e1c, bao g\u1ed3m nguy\u00ean li\u1ec7u th\u00f4, m\u00e1y m\u00f3c, b\u1ea5t \u0111\u1ed9ng s\u1ea3n v\u00e0 th\u1eadm ch\u00ed c\u1ea3 nh\u00e2n c\u00f4ng. (Ch\u00fang t\u00f4i kh\u00f4ng th\u1ec3 mua v\u0169 kh\u00ed, ma t\u00fay v\u00e0 c\u00e1c m\u1eb7t h\u00e0ng kh\u00e1c b\u1ecb h\u1ea1n ch\u1ebf.) C\u00f4ng ty ch\u00fang t\u00f4i ban \u0111\u1ea7u l\u00e0 nh\u00e0 ph\u00e2n ph\u1ed1i thi\u1ebft b\u1ecb y t\u1ebf, v\u1eadt t\u01b0 y t\u1ebf v\u00e0 s\u1ea3n ph\u1ea9m v\u1ec7 sinh, nh\u01b0ng hi\u1ec7n nay ch\u00fang t\u00f4i mua s\u1eafm v\u00e0 b\u00e1n nhi\u1ec1u lo\u1ea1i s\u1ea3n ph\u1ea9m kh\u00e1c nhau.<\/p>\n\n\n\n<p>Trong qu\u00e1 tr\u00ecnh to\u00e0n c\u1ea7u h\u00f3a, nhi\u1ec1u lo\u1ea1i s\u1ea3n ph\u1ea9m, nguy\u00ean li\u1ec7u th\u00f4 v\u00e0 linh ki\u1ec7n \u0111\u01b0\u1ee3c giao d\u1ecbch xuy\u00ean bi\u00ean gi\u1edbi. Vi\u1ec7c mua s\u1ea3n ph\u1ea9m t\u1eeb c\u00e1c khu v\u1ef1c kh\u00e1c nhau mang l\u1ea1i nh\u1eefng l\u1ee3i \u00edch nh\u01b0 gi\u1ea3m chi ph\u00ed, c\u1ea3i thi\u1ec7n ch\u1ea5t l\u01b0\u1ee3ng s\u1ea3n ph\u1ea9m, \u0111a d\u1ea1ng nh\u00e0 cung c\u1ea5p v\u00e0 chu\u1ed7i cung \u1ee9ng m\u1ea1nh m\u1ebd h\u01a1n.<\/p>\n\n\n\n<p>Tuy nhi\u00ean, th\u1ebf gi\u1edbi \u0111ang ph\u1ea3i \u0111\u1ed1i m\u1eb7t v\u1edbi nhi\u1ec1u r\u1ee7i ro, bao g\u1ed3m gi\u00e1 c\u1ea3 t\u0103ng cao do chi\u1ebfn tranh v\u00e0 xung \u0111\u1ed9t, v\u00e0 g\u1ea7n \u0111\u00e2y h\u01a1n l\u00e0 thu\u1ebf quan c\u1ee7a Trump. Nh\u1eefng r\u1ee7i ro n\u00e0y \u0111ang \u0111\u1ea9y gi\u00e1 c\u1ea3 l\u00ean cao h\u01a1n n\u1eefa. Tuy nhi\u00ean, c\u00e1c qu\u1ed1c gia v\u00e0 ng\u01b0\u1eddi d\u00e2n ph\u1ea3i ti\u1ebfp t\u1ee5c l\u00e0m vi\u1ec7c kh\u00f4ng ng\u1eebng ngh\u1ec9. C\u00e1c qu\u1ed1c gia v\u1eadn h\u00e0nh d\u1ef1a tr\u00ean con ng\u01b0\u1eddi, h\u00e0ng h\u00f3a v\u00e0 ti\u1ec1n b\u1ea1c. Tr\u00ean th\u1ebf gi\u1edbi c\u0169ng c\u00f3 nh\u1eefng qu\u1ed1c gia thi\u1ebfu h\u1ee5t h\u00e0ng h\u00f3a, ho\u1eb7c ng\u01b0\u1eddi d\u00e2n mu\u1ed1n mua nh\u01b0ng kh\u00f4ng th\u1ec3. Ngay c\u1ea3 trong nh\u1eefng ho\u00e0n c\u1ea3nh nh\u01b0 v\u1eady, v\u1eabn ph\u1ea3i mua s\u1eafm h\u00e0ng h\u00f3a v\u00e0 s\u1ea3n ph\u1ea9m thi\u1ebft y\u1ebfu. Tuy nhi\u00ean, c\u00e1c h\u1ea1n ch\u1ebf th\u01b0\u01a1ng m\u1ea1i v\u00e0 t\u00ednh hi\u1ec7u qu\u1ea3 c\u1ee7a quan h\u1ec7 qu\u1ed1c t\u1ebf \u0111\u1ed3ng ngh\u0129a v\u1edbi vi\u1ec7c nhi\u1ec1u qu\u1ed1c gia kh\u00f4ng th\u1ec3 mua \u0111\u01b0\u1ee3c s\u1ea3n ph\u1ea9m h\u1ecd mu\u1ed1n.<\/p>\n\n\n\n<p>Ch\u00fang t\u00f4i xin gi\u1edbi thi\u1ec7u nh\u1eefng l\u1ee3i \u00edch c\u1ee7a vi\u1ec7c t\u00ecm ngu\u1ed3n cung \u1ee9ng s\u1ea3n ph\u1ea9m to\u00e0n c\u1ea7u c\u1ee7a ch\u00fang t\u00f4i.<\/p>\n\n\n\n<ul class=\"wp-block-list\">\n<li>Gi\u1ea3m chi ph\u00ed: Gi\u00e1 c\u1ea3 thay \u0111\u1ed5i tr\u00ean to\u00e0n th\u1ebf gi\u1edbi, t\u1eeb s\u1ea3n ph\u1ea9m, nguy\u00ean li\u1ec7u th\u00f4, m\u00e1y m\u00f3c, b\u1ea5t \u0111\u1ed9ng s\u1ea3n \u0111\u1ebfn nh\u00e2n c\u00f4ng. Vi\u1ec7c t\u00ecm ki\u1ebfm c\u00e1c l\u1ef1a ch\u1ecdn ph\u00f9 h\u1ee3p v\u00e0 gi\u00e1 c\u1ea3 ph\u1ea3i ch\u0103ng c\u00f3 th\u1ec3 gi\u00fap gi\u1ea3m chi ph\u00ed.<\/li>\n\n\n\n<li>C\u1ea3i thi\u1ec7n ch\u1ea5t l\u01b0\u1ee3ng: Tr\u01b0\u1edbc \u0111\u00e2y, chi ph\u00ed th\u1ea5p \u0111\u01b0\u1ee3c coi tr\u1ecdng h\u01a1n ch\u1ea5t l\u01b0\u1ee3ng, nh\u01b0ng gi\u1edd \u0111\u00e2y ch\u1ea5t l\u01b0\u1ee3ng cao \u0111\u00e3 tr\u1edf th\u00e0nh m\u1ed9t y\u1ebfu t\u1ed1 quan tr\u1ecdng trong qu\u00e1 tr\u00ecnh mua s\u1eafm. M\u1ed9t s\u1ed1 khu v\u1ef1c v\u00e0 qu\u1ed1c gia c\u00f3 th\u1ec3 c\u00f3 c\u00f4ng ngh\u1ec7 v\u00e0 chuy\u00ean m\u00f4n ti\u00ean ti\u1ebfn. B\u1eb1ng c\u00e1ch nghi\u00ean c\u1ee9u \u0111\u1eb7c \u0111i\u1ec3m c\u1ee7a c\u00e1c khu v\u1ef1c \u0111\u00f3, gi\u1edd \u0111\u00e2y c\u00f3 th\u1ec3 mua \u0111\u01b0\u1ee3c nh\u1eefng s\u1ea3n ph\u1ea9m ch\u1ea5t l\u01b0\u1ee3ng cao.<\/li>\n\n\n\n<li>Kh\u00e1c bi\u1ec7t v\u1ec1 v\u0103n h\u00f3a v\u00e0 ng\u00f4n ng\u1eef: Hi\u1ec3u l\u1ea7m v\u00e0 giao ti\u1ebfp kh\u00f4ng r\u00f5 r\u00e0ng d\u1ec5 x\u1ea3y ra khi giao d\u1ecbch v\u1edbi c\u00e1c nh\u00e0 cung c\u1ea5p c\u00f3 n\u1ec1n v\u0103n h\u00f3a v\u00e0 ho\u1ea1t \u0111\u1ed9ng kinh doanh kh\u00e1c nhau. V\u00ed d\u1ee5, nh\u1eefng \u0111i\u1ec3m quan tr\u1ecdng c\u00f3 th\u1ec3 kh\u00f4ng \u0111\u01b0\u1ee3c truy\u1ec1n \u0111\u1ea1t trong qu\u00e1 tr\u00ecnh \u0111\u00e0m ph\u00e1n h\u1ee3p \u0111\u1ed3ng. \u0110\u00f3 l\u00e0 l\u00fd do t\u1ea1i sao ch\u00fang t\u00f4i cung c\u1ea5p h\u1ed7 tr\u1ee3 b\u1eb1ng nhi\u1ec1u ng\u00f4n ng\u1eef kh\u00e1c nhau.<\/li>\n\n\n\n<li>\u0110\u1ea3m b\u1ea3o ch\u1ea5t l\u01b0\u1ee3ng s\u1ea3n ph\u1ea9m: Khi mua s\u1eafm v\u1eadt li\u1ec7u, linh ki\u1ec7n, s\u1ea3n ph\u1ea9m, v.v. t\u1eeb c\u00e1c nh\u00e0 cung c\u1ea5p n\u01b0\u1edbc ngo\u00e0i, quy tr\u00ecnh s\u1ea3n xu\u1ea5t kh\u00f4ng th\u1ec3 \u0111\u01b0\u1ee3c nh\u00ecn th\u1ea5y r\u00f5 r\u00e0ng, \u0111i\u1ec1u n\u00e0y c\u00f3 th\u1ec3 d\u1eabn \u0111\u1ebfn t\u1ef7 l\u1ec7 l\u1ed7i cao. \u0110\u1ec3 ng\u0103n ch\u1eb7n \u0111i\u1ec1u n\u00e0y, ch\u00fang t\u00f4i \u00e1p d\u1ee5ng c\u00e1c quy tr\u00ecnh ki\u1ec3m so\u00e1t ch\u1ea5t l\u01b0\u1ee3ng nghi\u00eam ng\u1eb7t (v\u00ed d\u1ee5: ki\u1ec3m tra) v\u00e0 h\u1ee3p \u0111\u1ed3ng b\u00e1n h\u00e0ng ch\u1eb7t ch\u1ebd.<\/li>\n\n\n\n<li>R\u1ee7i ro ch\u1eadm tr\u1ec5 giao h\u00e0ng: Vi\u1ec7c mua s\u1eafm t\u1eeb n\u01b0\u1edbc ngo\u00e0i th\u01b0\u1eddng \u0111\u00f2i h\u1ecfi th\u1eddi gian cho h\u1eadu c\u1ea7n v\u00e0 th\u1ee7 t\u1ee5c h\u1ea3i quan, \u0111i\u1ec1u n\u00e0y ti\u1ec1m \u1ea9n r\u1ee7i ro ch\u1eadm tr\u1ec5 giao h\u00e0ng. H\u01a1n n\u1eefa, v\u1edbi v\u1eadn t\u1ea3i \u0111\u01b0\u1eddng bi\u1ec3n, s\u1ef1 ch\u1eadm tr\u1ec5 c\u00f3 th\u1ec3 x\u1ea3y ra do c\u00e1c y\u1ebfu t\u1ed1 kh\u00f4ng l\u01b0\u1eddng tr\u01b0\u1edbc \u0111\u01b0\u1ee3c nh\u01b0 th\u1eddi ti\u1ebft, t\u1eafc ngh\u1ebdn c\u1ea3ng v\u00e0 nguy c\u01a1 g\u1eb7p ph\u1ea3i c\u00e1c ho\u1ea1t \u0111\u1ed9ng b\u1ea5t h\u1ee3p ph\u00e1p nh\u01b0 c\u01b0\u1edbp bi\u1ec3n. \u0110\u1ec3 gi\u1ea3i quy\u1ebft v\u1ea5n \u0111\u1ec1 n\u00e0y, ch\u00fang t\u00f4i \u0111\u1eb7t ra th\u1eddi gian giao h\u00e0ng c\u1ee5 th\u1ec3 v\u00e0 n\u1ed7 l\u1ef1c t\u00ecm ki\u1ebfm c\u00e1c nh\u00e0 cung c\u1ea5p thay th\u1ebf.<\/li>\n<\/ul>\n\n\n\n<p>T\u1ea1i Agent Professional Co., Ltd., ch\u00fang t\u00f4i \u0111i kh\u1eafp th\u1ebf gi\u1edbi v\u00e0 th\u1ef1c hi\u1ec7n c\u00e1c ho\u1ea1t \u0111\u1ed9ng c\u00f3 h\u1ec7 th\u1ed1ng cao. Ch\u00fang t\u00f4i tr\u00e2n tr\u1ecdng k\u00ednh m\u1eddi qu\u00fd kh\u00e1ch t\u1ef1 m\u00ecnh tr\u1ea3i nghi\u1ec7m d\u1ecbch v\u1ee5 kinh doanh c\u1ee7a ch\u00fang t\u00f4i. Ch\u00fang t\u00f4i r\u1ea5t mong nh\u1eadn \u0111\u01b0\u1ee3c ph\u1ea3n h\u1ed3i t\u1eeb qu\u00fd kh\u00e1ch.<\/p>\n\n\n\n<h3 class=\"wp-block-heading\">Nh\u1ea5p v\u00e0o \u0111\u00e2y \u0111\u1ec3 bi\u1ebft th\u00eam chi ti\u1ebft b\u1eb1ng t\u1eebng ng\u00f4n ng\u1eef<\/h3>\n\n\n\n<div class=\"wp-block-columns is-layout-flex wp-container-core-columns-is-layout-9d6595d7 wp-block-columns-is-layout-flex\">\n<div class=\"wp-block-column is-layout-flow wp-block-column-is-layout-flow\">\n<div class=\"wp-block-columns is-not-stacked-on-mobile is-layout-flex wp-container-core-columns-is-layout-9d6595d7 wp-block-columns-is-layout-flex\">\n<div class=\"wp-block-column is-layout-flow wp-block-column-is-layout-flow\">\n<figure class=\"wp-block-image size-full\"><a href=\"https:\/\/ap-doctorsupport.com\/article\/global-procurement-th\/\"><img loading=\"lazy\" decoding=\"async\" width=\"802\" height=\"627\" src=\"https:\/\/ap-doctorsupport.com\/article\/wp-content\/uploads\/2025\/08\/\u30bf\u30a4\u8a9e.png\" alt=\"\" class=\"wp-image-638\" srcset=\"https:\/\/ap-doctorsupport.com\/article\/wp-content\/uploads\/2025\/08\/\u30bf\u30a4\u8a9e.png 802w, https:\/\/ap-doctorsupport.com\/article\/wp-content\/uploads\/2025\/08\/\u30bf\u30a4\u8a9e-300x235.png 300w, https:\/\/ap-doctorsupport.com\/article\/wp-content\/uploads\/2025\/08\/\u30bf\u30a4\u8a9e-768x600.png 768w\" sizes=\"auto, (max-width: 802px) 100vw, 802px\" \/><\/a><\/figure>\n<\/div>\n\n\n\n<div class=\"wp-block-column is-layout-flow wp-block-column-is-layout-flow\">\n<figure class=\"wp-block-image size-full\"><a href=\"https:\/\/ap-doctorsupport.com\/article\/global-procurement-ms\"><img loading=\"lazy\" decoding=\"async\" width=\"802\" height=\"627\" src=\"https:\/\/ap-doctorsupport.com\/article\/wp-content\/uploads\/2025\/08\/\u30de\u30ec\u30fc\u8a9e.png\" alt=\"\" class=\"wp-image-639\" srcset=\"https:\/\/ap-doctorsupport.com\/article\/wp-content\/uploads\/2025\/08\/\u30de\u30ec\u30fc\u8a9e.png 802w, https:\/\/ap-doctorsupport.com\/article\/wp-content\/uploads\/2025\/08\/\u30de\u30ec\u30fc\u8a9e-300x235.png 300w, https:\/\/ap-doctorsupport.com\/article\/wp-content\/uploads\/2025\/08\/\u30de\u30ec\u30fc\u8a9e-768x600.png 768w\" sizes=\"auto, (max-width: 802px) 100vw, 802px\" \/><\/a><\/figure>\n<\/div>\n<\/div>\n<\/div>\n\n\n\n<div class=\"wp-block-column is-layout-flow wp-block-column-is-layout-flow\">\n<div class=\"wp-block-columns is-not-stacked-on-mobile is-layout-flex wp-container-core-columns-is-layout-9d6595d7 wp-block-columns-is-layout-flex\">\n<div class=\"wp-block-column is-layout-flow wp-block-column-is-layout-flow\">\n<figure class=\"wp-block-image size-full\"><a href=\"https:\/\/ap-doctorsupport.com\/article\/global-procurement-km\"><img loading=\"lazy\" decoding=\"async\" width=\"802\" height=\"625\" src=\"https:\/\/ap-doctorsupport.com\/article\/wp-content\/uploads\/2025\/08\/\u30af\u30e1\u30fc\u30eb\u8a9e.png\" alt=\"\" class=\"wp-image-640\" srcset=\"https:\/\/ap-doctorsupport.com\/article\/wp-content\/uploads\/2025\/08\/\u30af\u30e1\u30fc\u30eb\u8a9e.png 802w, https:\/\/ap-doctorsupport.com\/article\/wp-content\/uploads\/2025\/08\/\u30af\u30e1\u30fc\u30eb\u8a9e-300x234.png 300w, https:\/\/ap-doctorsupport.com\/article\/wp-content\/uploads\/2025\/08\/\u30af\u30e1\u30fc\u30eb\u8a9e-768x599.png 768w\" sizes=\"auto, (max-width: 802px) 100vw, 802px\" \/><\/a><\/figure>\n<\/div>\n\n\n\n<div class=\"wp-block-column is-layout-flow wp-block-column-is-layout-flow\">\n<figure class=\"wp-block-image size-full\"><a href=\"https:\/\/ap-doctorsupport.com\/article\/global-procurement-id\"><img loading=\"lazy\" decoding=\"async\" width=\"802\" height=\"631\" src=\"https:\/\/ap-doctorsupport.com\/article\/wp-content\/uploads\/2025\/08\/\u30a4\u30f3\u30c9\u30cd\u30b7\u30a2\u8a9e.png\" alt=\"\" class=\"wp-image-641\" srcset=\"https:\/\/ap-doctorsupport.com\/article\/wp-content\/uploads\/2025\/08\/\u30a4\u30f3\u30c9\u30cd\u30b7\u30a2\u8a9e.png 802w, https:\/\/ap-doctorsupport.com\/article\/wp-content\/uploads\/2025\/08\/\u30a4\u30f3\u30c9\u30cd\u30b7\u30a2\u8a9e-300x236.png 300w, https:\/\/ap-doctorsupport.com\/article\/wp-content\/uploads\/2025\/08\/\u30a4\u30f3\u30c9\u30cd\u30b7\u30a2\u8a9e-768x604.png 768w\" sizes=\"auto, (max-width: 802px) 100vw, 802px\" \/><\/a><\/figure>\n<\/div>\n<\/div>\n<\/div>\n<\/div>\n\n\n\n<div class=\"wp-block-columns is-layout-flex wp-container-core-columns-is-layout-9d6595d7 wp-block-columns-is-layout-flex\">\n<div class=\"wp-block-column is-layout-flow wp-block-column-is-layout-flow\">\n<div class=\"wp-block-columns is-not-stacked-on-mobile is-layout-flex wp-container-core-columns-is-layout-9d6595d7 wp-block-columns-is-layout-flex\">\n<div class=\"wp-block-column is-layout-flow wp-block-column-is-layout-flow\">\n<figure class=\"wp-block-image size-full\"><a href=\"https:\/\/ap-doctorsupport.com\/article\/global-procurement-vi\"><img loading=\"lazy\" decoding=\"async\" width=\"802\" height=\"625\" src=\"https:\/\/ap-doctorsupport.com\/article\/wp-content\/uploads\/2025\/08\/\u30d9\u30c8\u30ca\u30e0\u8a9e.png\" alt=\"\" class=\"wp-image-642\" srcset=\"https:\/\/ap-doctorsupport.com\/article\/wp-content\/uploads\/2025\/08\/\u30d9\u30c8\u30ca\u30e0\u8a9e.png 802w, https:\/\/ap-doctorsupport.com\/article\/wp-content\/uploads\/2025\/08\/\u30d9\u30c8\u30ca\u30e0\u8a9e-300x234.png 300w, https:\/\/ap-doctorsupport.com\/article\/wp-content\/uploads\/2025\/08\/\u30d9\u30c8\u30ca\u30e0\u8a9e-768x599.png 768w\" sizes=\"auto, (max-width: 802px) 100vw, 802px\" \/><\/a><\/figure>\n<\/div>\n\n\n\n<div class=\"wp-block-column is-layout-flow wp-block-column-is-layout-flow\">\n<figure class=\"wp-block-image size-full\"><a href=\"https:\/\/ap-doctorsupport.com\/article\/global-procurement-hi\"><img loading=\"lazy\" decoding=\"async\" width=\"802\" height=\"627\" src=\"https:\/\/ap-doctorsupport.com\/article\/wp-content\/uploads\/2025\/08\/\u30d2\u30f3\u30c7\u30a3\u30fc\u8a9e.png\" alt=\"\" class=\"wp-image-643\" srcset=\"https:\/\/ap-doctorsupport.com\/article\/wp-content\/uploads\/2025\/08\/\u30d2\u30f3\u30c7\u30a3\u30fc\u8a9e.png 802w, https:\/\/ap-doctorsupport.com\/article\/wp-content\/uploads\/2025\/08\/\u30d2\u30f3\u30c7\u30a3\u30fc\u8a9e-300x235.png 300w, https:\/\/ap-doctorsupport.com\/article\/wp-content\/uploads\/2025\/08\/\u30d2\u30f3\u30c7\u30a3\u30fc\u8a9e-768x600.png 768w\" sizes=\"auto, (max-width: 802px) 100vw, 802px\" \/><\/a><\/figure>\n<\/div>\n<\/div>\n<\/div>\n\n\n\n<div class=\"wp-block-column is-layout-flow wp-block-column-is-layout-flow\">\n<div class=\"wp-block-columns is-not-stacked-on-mobile is-layout-flex wp-container-core-columns-is-layout-9d6595d7 wp-block-columns-is-layout-flex\">\n<div class=\"wp-block-column is-layout-flow wp-block-column-is-layout-flow\">\n<figure class=\"wp-block-image size-full\"><a href=\"https:\/\/ap-doctorsupport.com\/article\/global-procurement-ar\"><img loading=\"lazy\" decoding=\"async\" width=\"802\" height=\"633\" src=\"https:\/\/ap-doctorsupport.com\/article\/wp-content\/uploads\/2025\/08\/\u30a2\u30e9\u30d3\u30a2\u8a9e.png\" alt=\"\" class=\"wp-image-644\" srcset=\"https:\/\/ap-doctorsupport.com\/article\/wp-content\/uploads\/2025\/08\/\u30a2\u30e9\u30d3\u30a2\u8a9e.png 802w, https:\/\/ap-doctorsupport.com\/article\/wp-content\/uploads\/2025\/08\/\u30a2\u30e9\u30d3\u30a2\u8a9e-300x237.png 300w, https:\/\/ap-doctorsupport.com\/article\/wp-content\/uploads\/2025\/08\/\u30a2\u30e9\u30d3\u30a2\u8a9e-768x606.png 768w\" sizes=\"auto, (max-width: 802px) 100vw, 802px\" \/><\/a><\/figure>\n<\/div>\n\n\n\n<div class=\"wp-block-column is-layout-flow wp-block-column-is-layout-flow\">\n<figure class=\"wp-block-image size-full\"><a href=\"https:\/\/ap-doctorsupport.com\/article\/global-procurement-fr\"><img loading=\"lazy\" decoding=\"async\" width=\"802\" height=\"625\" src=\"https:\/\/ap-doctorsupport.com\/article\/wp-content\/uploads\/2025\/08\/\u30d5\u30e9\u30f3\u30b9\u8a9e.png\" alt=\"\" class=\"wp-image-645\" srcset=\"https:\/\/ap-doctorsupport.com\/article\/wp-content\/uploads\/2025\/08\/\u30d5\u30e9\u30f3\u30b9\u8a9e.png 802w, https:\/\/ap-doctorsupport.com\/article\/wp-content\/uploads\/2025\/08\/\u30d5\u30e9\u30f3\u30b9\u8a9e-300x234.png 300w, https:\/\/ap-doctorsupport.com\/article\/wp-content\/uploads\/2025\/08\/\u30d5\u30e9\u30f3\u30b9\u8a9e-768x599.png 768w\" sizes=\"auto, (max-width: 802px) 100vw, 802px\" \/><\/a><\/figure>\n<\/div>\n<\/div>\n<\/div>\n<\/div>\n\n\n\n<div class=\"wp-block-columns is-layout-flex wp-container-core-columns-is-layout-9d6595d7 wp-block-columns-is-layout-flex\">\n<div class=\"wp-block-column is-layout-flow wp-block-column-is-layout-flow\">\n<div class=\"wp-block-columns is-not-stacked-on-mobile is-layout-flex wp-container-core-columns-is-layout-9d6595d7 wp-block-columns-is-layout-flex\">\n<div class=\"wp-block-column is-layout-flow wp-block-column-is-layout-flow\">\n<figure class=\"wp-block-image size-full\"><a href=\"https:\/\/ap-doctorsupport.com\/article\/global-procurement\/\"><img loading=\"lazy\" decoding=\"async\" width=\"802\" height=\"631\" src=\"https:\/\/ap-doctorsupport.com\/article\/wp-content\/uploads\/2025\/08\/\u65e5\u672c\u8a9e.png\" alt=\"\" class=\"wp-image-646\" srcset=\"https:\/\/ap-doctorsupport.com\/article\/wp-content\/uploads\/2025\/08\/\u65e5\u672c\u8a9e.png 802w, https:\/\/ap-doctorsupport.com\/article\/wp-content\/uploads\/2025\/08\/\u65e5\u672c\u8a9e-300x236.png 300w, https:\/\/ap-doctorsupport.com\/article\/wp-content\/uploads\/2025\/08\/\u65e5\u672c\u8a9e-768x604.png 768w\" sizes=\"auto, (max-width: 802px) 100vw, 802px\" \/><\/a><\/figure>\n<\/div>\n\n\n\n<div class=\"wp-block-column is-layout-flow wp-block-column-is-layout-flow\">\n<figure class=\"wp-block-image size-full\"><a href=\"https:\/\/ap-doctorsupport.com\/article\/global-procurement-en\"><img loading=\"lazy\" decoding=\"async\" width=\"802\" height=\"631\" src=\"https:\/\/ap-doctorsupport.com\/article\/wp-content\/uploads\/2025\/08\/\u82f1\u8a9e.png\" alt=\"\" class=\"wp-image-647\" srcset=\"https:\/\/ap-doctorsupport.com\/article\/wp-content\/uploads\/2025\/08\/\u82f1\u8a9e.png 802w, https:\/\/ap-doctorsupport.com\/article\/wp-content\/uploads\/2025\/08\/\u82f1\u8a9e-300x236.png 300w, https:\/\/ap-doctorsupport.com\/article\/wp-content\/uploads\/2025\/08\/\u82f1\u8a9e-768x604.png 768w\" sizes=\"auto, (max-width: 802px) 100vw, 802px\" \/><\/a><\/figure>\n<\/div>\n<\/div>\n<\/div>\n\n\n\n<div class=\"wp-block-column is-layout-flow wp-block-column-is-layout-flow\">\n<div class=\"wp-block-columns is-not-stacked-on-mobile is-layout-flex wp-container-core-columns-is-layout-9d6595d7 wp-block-columns-is-layout-flex\">\n<div class=\"wp-block-column is-layout-flow wp-block-column-is-layout-flow\"><\/div>\n\n\n\n<div class=\"wp-block-column is-layout-flow wp-block-column-is-layout-flow\"><\/div>\n<\/div>\n<\/div>\n<\/div>\n","protected":false},"excerpt":{"rendered":"<p>Agent Professional Co., Ltd. v\u1eadn h\u00e0nh m\u1ed9t doanh nghi\u1ec7p mua s\u1eafm v\u00e0 b\u00e1n h\u00e0ng nh\u1eb1m gi\u00fap kh\u00e1ch h\u00e0ng tr\u00ean to\u00e0n th\u1ebf  [&hellip;]<\/p>\n","protected":false},"author":1,"featured_media":728,"parent":0,"menu_order":0,"comment_status":"closed","ping_status":"closed","template":"","meta":{"vkexunit_cta_each_option":"","footnotes":""},"class_list":["post-736","page","type-page","status-publish","has-post-thumbnail","hentry"],"uagb_featured_image_src":{"full":["https:\/\/ap-doctorsupport.com\/article\/wp-content\/uploads\/2025\/08\/\u56fd\u969b\u8abf\u9054.jpg",640,478,false],"thumbnail":["https:\/\/ap-doctorsupport.com\/article\/wp-content\/uploads\/2025\/08\/\u56fd\u969b\u8abf\u9054-150x150.jpg",150,150,true],"medium":["https:\/\/ap-doctorsupport.com\/article\/wp-content\/uploads\/2025\/08\/\u56fd\u969b\u8abf\u9054-300x224.jpg",300,224,true],"medium_large":["https:\/\/ap-doctorsupport.com\/article\/wp-content\/uploads\/2025\/08\/\u56fd\u969b\u8abf\u9054.jpg",640,478,false],"large":["https:\/\/ap-doctorsupport.com\/article\/wp-content\/uploads\/2025\/08\/\u56fd\u969b\u8abf\u9054.jpg",640,478,false],"1536x1536":["https:\/\/ap-doctorsupport.com\/article\/wp-content\/uploads\/2025\/08\/\u56fd\u969b\u8abf\u9054.jpg",640,478,false],"2048x2048":["https:\/\/ap-doctorsupport.com\/article\/wp-content\/uploads\/2025\/08\/\u56fd\u969b\u8abf\u9054.jpg",640,478,false],"post-thumbnail":["https:\/\/ap-doctorsupport.com\/article\/wp-content\/uploads\/2025\/08\/\u56fd\u969b\u8abf\u9054-320x180.jpg",320,180,true]},"uagb_author_info":{"display_name":"admin","author_link":"https:\/\/ap-doctorsupport.com\/article\/author\/ap-doctorsupport\/"},"uagb_comment_info":0,"uagb_excerpt":"Agent Professional Co., Ltd. v\u1eadn h\u00e0nh m\u1ed9t doanh nghi\u1ec7p &hellip;","_links":{"self":[{"href":"https:\/\/ap-doctorsupport.com\/article\/wp-json\/wp\/v2\/pages\/736","targetHints":{"allow":["GET"]}}],"collection":[{"href":"https:\/\/ap-doctorsupport.com\/article\/wp-json\/wp\/v2\/pages"}],"about":[{"href":"https:\/\/ap-doctorsupport.com\/article\/wp-json\/wp\/v2\/types\/page"}],"author":[{"embeddable":true,"href":"https:\/\/ap-doctorsupport.com\/article\/wp-json\/wp\/v2\/users\/1"}],"replies":[{"embeddable":true,"href":"https:\/\/ap-doctorsupport.com\/article\/wp-json\/wp\/v2\/comments?post=736"}],"version-history":[{"count":2,"href":"https:\/\/ap-doctorsupport.com\/article\/wp-json\/wp\/v2\/pages\/736\/revisions"}],"predecessor-version":[{"id":761,"href":"https:\/\/ap-doctorsupport.com\/article\/wp-json\/wp\/v2\/pages\/736\/revisions\/761"}],"wp:featuredmedia":[{"embeddable":true,"href":"https:\/\/ap-doctorsupport.com\/article\/wp-json\/wp\/v2\/media\/728"}],"wp:attachment":[{"href":"https:\/\/ap-doctorsupport.com\/article\/wp-json\/wp\/v2\/media?parent=736"}],"curies":[{"name":"wp","href":"https:\/\/api.w.org\/{rel}","templated":true}]}}