{"id":659,"date":"2025-08-22T04:12:43","date_gmt":"2025-08-22T04:12:43","guid":{"rendered":"https:\/\/ap-doctorsupport.com\/article\/?page_id=659"},"modified":"2025-08-27T09:11:29","modified_gmt":"2025-08-27T09:11:29","slug":"information-about-our-overseas-business-fr","status":"publish","type":"page","link":"https:\/\/ap-doctorsupport.com\/article\/information-about-our-overseas-business-fr\/","title":{"rendered":"\u00c0 propos de nos activit\u00e9s \u00e0 l'\u00e9tranger"},"content":{"rendered":"<div class=\"wp-block-image\">\n<figure class=\"aligncenter size-full\"><img loading=\"lazy\" decoding=\"async\" width=\"1024\" height=\"576\" src=\"https:\/\/ap-doctorsupport.com\/article\/wp-content\/uploads\/2025\/08\/ct_scanner-1024x576-1.jpg\" alt=\"\" class=\"wp-image-637\" srcset=\"https:\/\/ap-doctorsupport.com\/article\/wp-content\/uploads\/2025\/08\/ct_scanner-1024x576-1.jpg 1024w, https:\/\/ap-doctorsupport.com\/article\/wp-content\/uploads\/2025\/08\/ct_scanner-1024x576-1-300x169.jpg 300w, https:\/\/ap-doctorsupport.com\/article\/wp-content\/uploads\/2025\/08\/ct_scanner-1024x576-1-768x432.jpg 768w, https:\/\/ap-doctorsupport.com\/article\/wp-content\/uploads\/2025\/08\/ct_scanner-1024x576-1-320x180.jpg 320w\" sizes=\"auto, (max-width: 1024px) 100vw, 1024px\" \/><\/figure>\n<\/div>\n\n\n<p>Au Japon, nous proposons des services de conseil m\u00e9dical (assistance \u00e0 l'ouverture et \u00e0 la gestion d'h\u00f4pitaux et de cliniques), des services de ressources humaines et la vente d'\u00e9quipements et de produits m\u00e9dicaux. Nous proposons \u00e9galement les services suivants \u00e0 l'\u00e9tranger ; veuillez les consulter ci-dessous.<\/p>\n\n\n\n<ul class=\"wp-block-list\">\n<li>Accompagnement \u00e0 l'ouverture et \u00e0 la gestion d'\u00e9tablissements m\u00e9dicaux (h\u00f4pitaux et cliniques) et d'\u00e9tablissements de soins infirmiers \u00e0 l'\u00e9tranger<\/li>\n\n\n\n<li>Nous nous occupons non seulement de tous les pr\u00e9paratifs pour l'ouverture d'\u00e9tablissements m\u00e9dicaux (h\u00f4pitaux, cliniques) et d'\u00e9tablissements de soins infirmiers, mais nous fournissons \u00e9galement un soutien en mati\u00e8re de conception et de planification.<\/li>\n\n\n\n<li>Attirer les h\u00f4pitaux et cliniques japonais \u00e0 l'\u00e9tranger : Nous \u0153uvrons pour attirer les h\u00f4pitaux et cliniques japonais dans les pays \u00e9trangers \u00e0 la recherche d'\u00e9tablissements m\u00e9dicaux.<\/li>\n\n\n\n<li>Vente d'\u00e9quipements m\u00e9dicaux : Nous vendons une grande vari\u00e9t\u00e9 d'\u00e9quipements et de produits m\u00e9dicaux \u00e0 l'\u00e9tranger, notamment des \u00e9quipements m\u00e9dicaux neufs et d'occasion de grande taille tels que des scanners et des IRM, des \u00e9quipements m\u00e9dicaux de taille moyenne tels que des appareils de dialyse, des appareils de diagnostic par ultrasons et des syst\u00e8mes d'endoscopie, ainsi que des v\u00e9hicules m\u00e9dicaux tels que des v\u00e9hicules de d\u00e9pistage mobiles et des ambulances.<\/li>\n\n\n\n<li>Achats et ventes internationaux : Nous achetons et vendons une large gamme de produits provenant du monde entier.<\/li>\n\n\n\n<li>Fourniture de soutien aux syst\u00e8mes m\u00e9dicaux \u00e0 l'\u00e9tranger : Nous fournissons des syst\u00e8mes m\u00e9dicaux pour am\u00e9liorer l'efficacit\u00e9 m\u00e9dicale et celle du personnel soignant. Par exemple, nous proposons des services de consultation m\u00e9dicale \u00e0 distance pour les zones mal desservies.<\/li>\n\n\n\n<li>Recrutement de m\u00e9decins et de professionnels de la sant\u00e9 japonais : Nous d\u00e9ployons des m\u00e9decins, infirmiers, sages-femmes, radiologues, ing\u00e9nieurs cliniciens, \u00e9chographistes et autres professionnels de la sant\u00e9 japonais \u00e0 l'\u00e9tranger.<\/li>\n\n\n\n<li>Fusions et acquisitions d'\u00e9tablissements m\u00e9dicaux \u00e9trangers<\/li>\n\n\n\n<li>Investissements et conseils en investissement \u00e0 l'\u00e9tranger<\/li>\n<\/ul>\n\n\n\n<h2 class=\"wp-block-heading\">Cliquez ici pour plus de d\u00e9tails dans chaque langue<\/h2>\n\n\n\n<div class=\"wp-block-columns is-layout-flex wp-container-core-columns-is-layout-9d6595d7 wp-block-columns-is-layout-flex\">\n<div class=\"wp-block-column is-layout-flow wp-block-column-is-layout-flow\">\n<div class=\"wp-block-columns is-not-stacked-on-mobile is-layout-flex wp-container-core-columns-is-layout-9d6595d7 wp-block-columns-is-layout-flex\">\n<div class=\"wp-block-column is-layout-flow wp-block-column-is-layout-flow\">\n<figure class=\"wp-block-image size-full\"><a href=\"https:\/\/ap-doctorsupport.com\/article\/information-about-our-overseas-business-th\/\"><img loading=\"lazy\" decoding=\"async\" width=\"802\" height=\"627\" src=\"https:\/\/ap-doctorsupport.com\/article\/wp-content\/uploads\/2025\/08\/\u30bf\u30a4\u8a9e.png\" alt=\"\" class=\"wp-image-638\" srcset=\"https:\/\/ap-doctorsupport.com\/article\/wp-content\/uploads\/2025\/08\/\u30bf\u30a4\u8a9e.png 802w, https:\/\/ap-doctorsupport.com\/article\/wp-content\/uploads\/2025\/08\/\u30bf\u30a4\u8a9e-300x235.png 300w, https:\/\/ap-doctorsupport.com\/article\/wp-content\/uploads\/2025\/08\/\u30bf\u30a4\u8a9e-768x600.png 768w\" sizes=\"auto, (max-width: 802px) 100vw, 802px\" \/><\/a><\/figure>\n<\/div>\n\n\n\n<div class=\"wp-block-column is-layout-flow wp-block-column-is-layout-flow\">\n<figure class=\"wp-block-image size-full\"><a href=\"https:\/\/ap-doctorsupport.com\/article\/information-about-our-overseas-business-ms\"><img loading=\"lazy\" decoding=\"async\" width=\"802\" height=\"627\" src=\"https:\/\/ap-doctorsupport.com\/article\/wp-content\/uploads\/2025\/08\/\u30de\u30ec\u30fc\u8a9e.png\" alt=\"\" class=\"wp-image-639\" srcset=\"https:\/\/ap-doctorsupport.com\/article\/wp-content\/uploads\/2025\/08\/\u30de\u30ec\u30fc\u8a9e.png 802w, https:\/\/ap-doctorsupport.com\/article\/wp-content\/uploads\/2025\/08\/\u30de\u30ec\u30fc\u8a9e-300x235.png 300w, https:\/\/ap-doctorsupport.com\/article\/wp-content\/uploads\/2025\/08\/\u30de\u30ec\u30fc\u8a9e-768x600.png 768w\" sizes=\"auto, (max-width: 802px) 100vw, 802px\" \/><\/a><\/figure>\n<\/div>\n<\/div>\n<\/div>\n\n\n\n<div class=\"wp-block-column is-layout-flow wp-block-column-is-layout-flow\">\n<div class=\"wp-block-columns is-not-stacked-on-mobile is-layout-flex wp-container-core-columns-is-layout-9d6595d7 wp-block-columns-is-layout-flex\">\n<div class=\"wp-block-column is-layout-flow wp-block-column-is-layout-flow\">\n<figure class=\"wp-block-image size-full\"><a href=\"https:\/\/ap-doctorsupport.com\/article\/information-about-our-overseas-business-km\"><img loading=\"lazy\" decoding=\"async\" width=\"802\" height=\"625\" src=\"https:\/\/ap-doctorsupport.com\/article\/wp-content\/uploads\/2025\/08\/\u30af\u30e1\u30fc\u30eb\u8a9e.png\" alt=\"\" class=\"wp-image-640\" srcset=\"https:\/\/ap-doctorsupport.com\/article\/wp-content\/uploads\/2025\/08\/\u30af\u30e1\u30fc\u30eb\u8a9e.png 802w, https:\/\/ap-doctorsupport.com\/article\/wp-content\/uploads\/2025\/08\/\u30af\u30e1\u30fc\u30eb\u8a9e-300x234.png 300w, https:\/\/ap-doctorsupport.com\/article\/wp-content\/uploads\/2025\/08\/\u30af\u30e1\u30fc\u30eb\u8a9e-768x599.png 768w\" sizes=\"auto, (max-width: 802px) 100vw, 802px\" \/><\/a><\/figure>\n<\/div>\n\n\n\n<div class=\"wp-block-column is-layout-flow wp-block-column-is-layout-flow\">\n<figure class=\"wp-block-image size-full\"><a href=\"https:\/\/ap-doctorsupport.com\/article\/information-about-our-overseas-business-id\"><img loading=\"lazy\" decoding=\"async\" width=\"802\" height=\"631\" src=\"https:\/\/ap-doctorsupport.com\/article\/wp-content\/uploads\/2025\/08\/\u30a4\u30f3\u30c9\u30cd\u30b7\u30a2\u8a9e.png\" alt=\"\" class=\"wp-image-641\" srcset=\"https:\/\/ap-doctorsupport.com\/article\/wp-content\/uploads\/2025\/08\/\u30a4\u30f3\u30c9\u30cd\u30b7\u30a2\u8a9e.png 802w, https:\/\/ap-doctorsupport.com\/article\/wp-content\/uploads\/2025\/08\/\u30a4\u30f3\u30c9\u30cd\u30b7\u30a2\u8a9e-300x236.png 300w, https:\/\/ap-doctorsupport.com\/article\/wp-content\/uploads\/2025\/08\/\u30a4\u30f3\u30c9\u30cd\u30b7\u30a2\u8a9e-768x604.png 768w\" sizes=\"auto, (max-width: 802px) 100vw, 802px\" \/><\/a><\/figure>\n<\/div>\n<\/div>\n<\/div>\n<\/div>\n\n\n\n<div class=\"wp-block-columns is-layout-flex wp-container-core-columns-is-layout-9d6595d7 wp-block-columns-is-layout-flex\">\n<div class=\"wp-block-column is-layout-flow wp-block-column-is-layout-flow\">\n<div class=\"wp-block-columns is-not-stacked-on-mobile is-layout-flex wp-container-core-columns-is-layout-9d6595d7 wp-block-columns-is-layout-flex\">\n<div class=\"wp-block-column is-layout-flow wp-block-column-is-layout-flow\">\n<figure class=\"wp-block-image size-full\"><a href=\"https:\/\/ap-doctorsupport.com\/article\/information-about-our-overseas-business-vi\"><img loading=\"lazy\" decoding=\"async\" width=\"802\" height=\"625\" src=\"https:\/\/ap-doctorsupport.com\/article\/wp-content\/uploads\/2025\/08\/\u30d9\u30c8\u30ca\u30e0\u8a9e.png\" alt=\"\" class=\"wp-image-642\" srcset=\"https:\/\/ap-doctorsupport.com\/article\/wp-content\/uploads\/2025\/08\/\u30d9\u30c8\u30ca\u30e0\u8a9e.png 802w, https:\/\/ap-doctorsupport.com\/article\/wp-content\/uploads\/2025\/08\/\u30d9\u30c8\u30ca\u30e0\u8a9e-300x234.png 300w, https:\/\/ap-doctorsupport.com\/article\/wp-content\/uploads\/2025\/08\/\u30d9\u30c8\u30ca\u30e0\u8a9e-768x599.png 768w\" sizes=\"auto, (max-width: 802px) 100vw, 802px\" \/><\/a><\/figure>\n<\/div>\n\n\n\n<div class=\"wp-block-column is-layout-flow wp-block-column-is-layout-flow\">\n<figure class=\"wp-block-image size-full\"><a href=\"https:\/\/ap-doctorsupport.com\/article\/information-about-our-overseas-business-hi\"><img loading=\"lazy\" decoding=\"async\" width=\"802\" height=\"627\" src=\"https:\/\/ap-doctorsupport.com\/article\/wp-content\/uploads\/2025\/08\/\u30d2\u30f3\u30c7\u30a3\u30fc\u8a9e.png\" alt=\"\" class=\"wp-image-643\" srcset=\"https:\/\/ap-doctorsupport.com\/article\/wp-content\/uploads\/2025\/08\/\u30d2\u30f3\u30c7\u30a3\u30fc\u8a9e.png 802w, https:\/\/ap-doctorsupport.com\/article\/wp-content\/uploads\/2025\/08\/\u30d2\u30f3\u30c7\u30a3\u30fc\u8a9e-300x235.png 300w, https:\/\/ap-doctorsupport.com\/article\/wp-content\/uploads\/2025\/08\/\u30d2\u30f3\u30c7\u30a3\u30fc\u8a9e-768x600.png 768w\" sizes=\"auto, (max-width: 802px) 100vw, 802px\" \/><\/a><\/figure>\n<\/div>\n<\/div>\n<\/div>\n\n\n\n<div class=\"wp-block-column is-layout-flow wp-block-column-is-layout-flow\">\n<div class=\"wp-block-columns is-not-stacked-on-mobile is-layout-flex wp-container-core-columns-is-layout-9d6595d7 wp-block-columns-is-layout-flex\">\n<div class=\"wp-block-column is-layout-flow wp-block-column-is-layout-flow\">\n<figure class=\"wp-block-image size-full\"><a href=\"https:\/\/ap-doctorsupport.com\/article\/information-about-our-overseas-business-ar\"><img loading=\"lazy\" decoding=\"async\" width=\"802\" height=\"633\" src=\"https:\/\/ap-doctorsupport.com\/article\/wp-content\/uploads\/2025\/08\/\u30a2\u30e9\u30d3\u30a2\u8a9e.png\" alt=\"\" class=\"wp-image-644\" srcset=\"https:\/\/ap-doctorsupport.com\/article\/wp-content\/uploads\/2025\/08\/\u30a2\u30e9\u30d3\u30a2\u8a9e.png 802w, https:\/\/ap-doctorsupport.com\/article\/wp-content\/uploads\/2025\/08\/\u30a2\u30e9\u30d3\u30a2\u8a9e-300x237.png 300w, https:\/\/ap-doctorsupport.com\/article\/wp-content\/uploads\/2025\/08\/\u30a2\u30e9\u30d3\u30a2\u8a9e-768x606.png 768w\" sizes=\"auto, (max-width: 802px) 100vw, 802px\" \/><\/a><\/figure>\n<\/div>\n\n\n\n<div class=\"wp-block-column is-layout-flow wp-block-column-is-layout-flow\">\n<figure class=\"wp-block-image size-full\"><a href=\"https:\/\/ap-doctorsupport.com\/article\/information-about-our-overseas-business-fr\"><img loading=\"lazy\" decoding=\"async\" width=\"802\" height=\"625\" src=\"https:\/\/ap-doctorsupport.com\/article\/wp-content\/uploads\/2025\/08\/\u30d5\u30e9\u30f3\u30b9\u8a9e.png\" alt=\"\" class=\"wp-image-645\" srcset=\"https:\/\/ap-doctorsupport.com\/article\/wp-content\/uploads\/2025\/08\/\u30d5\u30e9\u30f3\u30b9\u8a9e.png 802w, https:\/\/ap-doctorsupport.com\/article\/wp-content\/uploads\/2025\/08\/\u30d5\u30e9\u30f3\u30b9\u8a9e-300x234.png 300w, https:\/\/ap-doctorsupport.com\/article\/wp-content\/uploads\/2025\/08\/\u30d5\u30e9\u30f3\u30b9\u8a9e-768x599.png 768w\" sizes=\"auto, (max-width: 802px) 100vw, 802px\" \/><\/a><\/figure>\n<\/div>\n<\/div>\n<\/div>\n<\/div>\n\n\n\n<div class=\"wp-block-columns is-layout-flex wp-container-core-columns-is-layout-9d6595d7 wp-block-columns-is-layout-flex\">\n<div class=\"wp-block-column is-layout-flow wp-block-column-is-layout-flow\">\n<div class=\"wp-block-columns is-not-stacked-on-mobile is-layout-flex wp-container-core-columns-is-layout-9d6595d7 wp-block-columns-is-layout-flex\">\n<div class=\"wp-block-column is-layout-flow wp-block-column-is-layout-flow\">\n<figure class=\"wp-block-image size-full\"><a href=\"https:\/\/ap-doctorsupport.com\/article\/information-about-our-overseas-business-jp\"><img loading=\"lazy\" decoding=\"async\" width=\"802\" height=\"631\" src=\"https:\/\/ap-doctorsupport.com\/article\/wp-content\/uploads\/2025\/08\/\u65e5\u672c\u8a9e.png\" alt=\"\" class=\"wp-image-646\" srcset=\"https:\/\/ap-doctorsupport.com\/article\/wp-content\/uploads\/2025\/08\/\u65e5\u672c\u8a9e.png 802w, https:\/\/ap-doctorsupport.com\/article\/wp-content\/uploads\/2025\/08\/\u65e5\u672c\u8a9e-300x236.png 300w, https:\/\/ap-doctorsupport.com\/article\/wp-content\/uploads\/2025\/08\/\u65e5\u672c\u8a9e-768x604.png 768w\" sizes=\"auto, (max-width: 802px) 100vw, 802px\" \/><\/a><\/figure>\n<\/div>\n\n\n\n<div class=\"wp-block-column is-layout-flow wp-block-column-is-layout-flow\">\n<figure class=\"wp-block-image size-full\"><a href=\"https:\/\/ap-doctorsupport.com\/article\/information-about-our-overseas-business-en\"><img loading=\"lazy\" decoding=\"async\" width=\"802\" height=\"631\" src=\"https:\/\/ap-doctorsupport.com\/article\/wp-content\/uploads\/2025\/08\/\u82f1\u8a9e.png\" alt=\"\" class=\"wp-image-647\" srcset=\"https:\/\/ap-doctorsupport.com\/article\/wp-content\/uploads\/2025\/08\/\u82f1\u8a9e.png 802w, https:\/\/ap-doctorsupport.com\/article\/wp-content\/uploads\/2025\/08\/\u82f1\u8a9e-300x236.png 300w, https:\/\/ap-doctorsupport.com\/article\/wp-content\/uploads\/2025\/08\/\u82f1\u8a9e-768x604.png 768w\" sizes=\"auto, (max-width: 802px) 100vw, 802px\" \/><\/a><\/figure>\n<\/div>\n<\/div>\n<\/div>\n\n\n\n<div class=\"wp-block-column is-layout-flow wp-block-column-is-layout-flow\">\n<div class=\"wp-block-columns is-not-stacked-on-mobile is-layout-flex wp-container-core-columns-is-layout-9d6595d7 wp-block-columns-is-layout-flex\">\n<div class=\"wp-block-column is-layout-flow wp-block-column-is-layout-flow\"><\/div>\n\n\n\n<div class=\"wp-block-column is-layout-flow wp-block-column-is-layout-flow\"><\/div>\n<\/div>\n<\/div>\n<\/div>\n","protected":false},"excerpt":{"rendered":"<p>Au Japon, nous proposons des services de conseil m\u00e9dical (assistance \u00e0 l'ouverture et \u00e0 la gestion d'h\u00f4pitaux  [&hellip;]<\/p>\n","protected":false},"author":1,"featured_media":637,"parent":0,"menu_order":0,"comment_status":"closed","ping_status":"closed","template":"","meta":{"vkexunit_cta_each_option":"","footnotes":""},"class_list":["post-659","page","type-page","status-publish","has-post-thumbnail","hentry"],"uagb_featured_image_src":{"full":["https:\/\/ap-doctorsupport.com\/article\/wp-content\/uploads\/2025\/08\/ct_scanner-1024x576-1.jpg",1024,576,false],"thumbnail":["https:\/\/ap-doctorsupport.com\/article\/wp-content\/uploads\/2025\/08\/ct_scanner-1024x576-1-150x150.jpg",150,150,true],"medium":["https:\/\/ap-doctorsupport.com\/article\/wp-content\/uploads\/2025\/08\/ct_scanner-1024x576-1-300x169.jpg",300,169,true],"medium_large":["https:\/\/ap-doctorsupport.com\/article\/wp-content\/uploads\/2025\/08\/ct_scanner-1024x576-1-768x432.jpg",768,432,true],"large":["https:\/\/ap-doctorsupport.com\/article\/wp-content\/uploads\/2025\/08\/ct_scanner-1024x576-1.jpg",1024,576,false],"1536x1536":["https:\/\/ap-doctorsupport.com\/article\/wp-content\/uploads\/2025\/08\/ct_scanner-1024x576-1.jpg",1024,576,false],"2048x2048":["https:\/\/ap-doctorsupport.com\/article\/wp-content\/uploads\/2025\/08\/ct_scanner-1024x576-1.jpg",1024,576,false],"post-thumbnail":["https:\/\/ap-doctorsupport.com\/article\/wp-content\/uploads\/2025\/08\/ct_scanner-1024x576-1-320x180.jpg",320,180,true]},"uagb_author_info":{"display_name":"admin","author_link":"https:\/\/ap-doctorsupport.com\/article\/author\/ap-doctorsupport\/"},"uagb_comment_info":0,"uagb_excerpt":"Au Japon, nous proposons des services de conseil m\u00e9dica&hellip;","_links":{"self":[{"href":"https:\/\/ap-doctorsupport.com\/article\/wp-json\/wp\/v2\/pages\/659","targetHints":{"allow":["GET"]}}],"collection":[{"href":"https:\/\/ap-doctorsupport.com\/article\/wp-json\/wp\/v2\/pages"}],"about":[{"href":"https:\/\/ap-doctorsupport.com\/article\/wp-json\/wp\/v2\/types\/page"}],"author":[{"embeddable":true,"href":"https:\/\/ap-doctorsupport.com\/article\/wp-json\/wp\/v2\/users\/1"}],"replies":[{"embeddable":true,"href":"https:\/\/ap-doctorsupport.com\/article\/wp-json\/wp\/v2\/comments?post=659"}],"version-history":[{"count":3,"href":"https:\/\/ap-doctorsupport.com\/article\/wp-json\/wp\/v2\/pages\/659\/revisions"}],"predecessor-version":[{"id":820,"href":"https:\/\/ap-doctorsupport.com\/article\/wp-json\/wp\/v2\/pages\/659\/revisions\/820"}],"wp:featuredmedia":[{"embeddable":true,"href":"https:\/\/ap-doctorsupport.com\/article\/wp-json\/wp\/v2\/media\/637"}],"wp:attachment":[{"href":"https:\/\/ap-doctorsupport.com\/article\/wp-json\/wp\/v2\/media?parent=659"}],"curies":[{"name":"wp","href":"https:\/\/api.w.org\/{rel}","templated":true}]}}